{"id":6619,"date":"2024-01-19T00:49:24","date_gmt":"2024-01-19T00:49:24","guid":{"rendered":"http:\/\/tena.flybcndesign.com\/tratamientos\/peritatges-ambit-judicial\/"},"modified":"2025-07-04T09:49:18","modified_gmt":"2025-07-04T09:49:18","slug":"peritajes-psicologicos-judiciales-esplugues-llobregat","status":"publish","type":"page","link":"https:\/\/www.gabinetpsicologictena.com\/es\/tratamientos-de-gabinet-psicologic-tena\/peritajes-psicologicos-judiciales-esplugues-llobregat\/","title":{"rendered":"Peritajes \u00e1mbito judicial"},"content":{"rendered":"<p>[vc_row][vc_column][vc_column_text][\/vc_column_text][\/vc_column][\/vc_row][vc_row css=\u00bb.vc_custom_1692643309305{margin-top: 30px !important;margin-bottom: 20px !important;}\u00bb][vc_column][vc_row_inner css=\u00bb.vc_custom_1685482175452{margin-top: 30px !important;}\u00bb][vc_column_inner width=\u00bb1\/2&#8243;][vc_single_image image=\u00bb5994&#8243; img_size=\u00bbfull\u00bb][\/vc_column_inner][vc_column_inner width=\u00bb1\/2&#8243;][vc_column_text]Los peritajes psicol\u00f3gicos en el \u00e1mbito judicial es la evaluaci\u00f3n y el informe elaborado por un psic\u00f3logo forense o perito psicol\u00f3gico en un contexto legal. Son evaluaciones imparciales y basadas en evidencias, que tienen como objetivo proporcionar informaci\u00f3n experta sobre cuestiones relacionadas con la psicolog\u00eda que son relevantes para un caso judicial o legal en particular.<\/p>\n<p>En el Gabinete Psicol\u00f3gico Tena seguimos est\u00e1ndares \u00e9ticos y profesionales rigurosos al llevar a cabo estas evaluaciones. El objetivo principal es proporcionar al tribunal informaci\u00f3n imparcial y basada en evidencia para ayudar en la toma de decisiones judiciales justas y adecuadas.[\/vc_column_text][\/vc_column_inner][\/vc_row_inner][\/vc_column][\/vc_row][vc_row type=\u00bbfull-width\u00bb top_margin=\u00bbpage-margin-top\u00bb full_width=\u00bbstretch_row_content\u00bb el_position=\u00bblast\u00bb css=\u00bb.vc_custom_1621095351370{background-color: #79b738 !important;}\u00bb][vc_column][vc_row_inner][vc_column_inner]<div class=\"announcement clearfix vertical-align-table\">\n\t\t\t\t\t<ul class=\"vertical-align\">\n\t\t\t\t\t\t<li class=\"vertical-align-cell\"><h2>Descubre c\u00f3mo podemos ayudarte<\/h2><p>Empieza tu terapia hoy mismo<\/p>\n<\/li><li class=\"vertical-align-cell\">\n\t\t\t\t\t\t<a title=\"Pide cita ahora\" href=\"https:\/\/www.gabinetpsicologictena.com\/es\/contacto\/\" class=\"more mc-button light-color medium animated-element animation-slideLeft\">Pide cita ahora<\/a>\n\t\t\t\t\t<\/li><\/ul>\n\t\t\t<\/div>[\/vc_column_inner][\/vc_row_inner][\/vc_column][\/vc_row][vc_row top_margin=\u00bbpage-margin-top\u00bb css=\u00bb.vc_custom_1705625676219{margin-bottom: 50px !important;}\u00bb][vc_column width=\u00bb1\/2&#8243;][vc_row_inner css=\u00bb.vc_custom_1636809500589{margin-bottom: 20px !important;}\u00bb][vc_column_inner]<h2 class=\"box-header animation-slide\">\u00bfQui\u00e9n puede solicitar un peritaje psicol\u00f3gico por el \u00e1mbito judicial?<\/h2>[\/vc_column_inner][\/vc_row_inner][vc_row_inner][vc_column_inner][vc_column_text css=\u00bb.vc_custom_1707169812029{margin-bottom: 20px !important;}\u00bb]La solicitud de un peritaje psicol\u00f3gico en el \u00e1mbito judicial generalmente puede ser realizada por varias partes involucradas en un proceso legal, como:[\/vc_column_text][\/vc_column_inner][\/vc_row_inner][vc_row_inner][vc_column_inner]<ul class=\"simple-list clearfix\"><li class=\"template-chevron clearfix\">\n\t\t\t<span><strong>Abogados: <\/strong>Los abogados defensores o fiscales pueden solicitar una evaluaci\u00f3n psicol\u00f3gica como parte de su estrategia legal para apoyar sus argumentos en un caso.<\/span><\/li><\/p>\n<li class=\"template-chevron clearfix\">\n\t\t\t<span><strong>Jueces: <\/strong>Los jueces pueden ordenar un peritaje psicol\u00f3gico si consideran que es relevante para la resoluci\u00f3n del caso o para tomar decisiones relacionadas con la custodia de menores, medidas de seguridad, etc.<\/span><\/li>\n<li class=\"template-chevron clearfix\">\n\t\t\t<span><strong>Partes involucradas: <\/strong>Las partes involucradas en un caso, como demandantes o demandados, pueden solicitar una evaluaci\u00f3n psicol\u00f3gica como parte de su defensa o para apoyar sus reclamaciones.<\/span><\/li>\n<li class=\"template-chevron clearfix\">\n\t\t\t<span><strong>Servicios sociales: <\/strong>En casos que involucren a menores, los servicios sociales o los trabajadores sociales pueden solicitar una evaluaci\u00f3n psicol\u00f3gica para determinar el bienestar de los ni\u00f1os y tomar decisiones sobre su custodia.<\/span><\/li>\n<li class=\"template-chevron clearfix\">\n\t\t\t<span><strong>Instituciones penitenciarias: <\/strong>En el caso de personas en la prisi\u00f3n, las instituciones penitenciarias pueden solicitar evaluaciones psicol\u00f3gicas para determinar el tratamiento adecuado, la elegibilidad para la libertad condicional u otras cuestiones relacionadas con su reclusi\u00f3n.<\/span><\/li>\n<p><li class=\"template-chevron clearfix\">\n\t\t\t<span><strong>Autoridades de protecci\u00f3n de menores: <\/strong>En situaciones de abuso o negligencia infantil, las autoridades de protecci\u00f3n de menores pueden solicitar evaluaciones psicol\u00f3gicas para evaluar el riesgo y el bienestar de los ni\u00f1os involucrados.<\/span><\/li><\/ul>[\/vc_column_inner][\/vc_row_inner][\/vc_column][vc_column width=\u00bb1\/2&#8243;][vc_row_inner css=\u00bb.vc_custom_1636809506790{margin-bottom: 20px !important;}\u00bb][vc_column_inner]<h2 class=\"box-header animation-slide\">\u00bfQu\u00e9 tipo de peritajes llevamos a cabo en el Gabinete Psicol\u00f3gico Tena?<\/h2>[\/vc_column_inner][\/vc_row_inner][vc_row_inner][vc_column_inner]<ul class=\"simple-list clearfix\"><li class=\"template-chevron clearfix\">\n\t\t\t<span><strong>Evaluaci\u00f3n de la capacidad mental: <\/strong>Evaluamos la capacidad mental de una persona para comprender el proceso legal en curso, como su capacidad para ser juzgado o para testificar en un juicio. <\/span><\/li><\/p>\n<li class=\"template-chevron clearfix\">\n\t\t\t<span><strong>Evaluaci\u00f3n de la competencia parental: <\/strong>En la idoneidad de un padre o madre para la custodia de un menor en casos de divorcio o disputas de custodia.<\/span><\/li>\n<li class=\"template-chevron clearfix\">\n\t\t\t<span><strong>Evaluaci\u00f3n de la credibilidad de testigos: <\/strong>Los psic\u00f3logos pueden evaluar la credibilidad de los testimonios de testigos, especialmente en casos donde se alega abuso sexual, trauma o trastornos de la memoria.<\/span><\/li>\n<li class=\"template-chevron clearfix\">\n\t\t\t<span><strong>Evaluaci\u00f3n de la salud mental: <\/strong>Hagamos evaluaciones de salud mental para determinar si una persona es competente para enfrentar un juicio o si puede ser considerado responsable de sus acciones en caso de un delito.<\/span><\/li>\n<li class=\"template-chevron clearfix\">\n\t\t\t<span><strong>Evaluaci\u00f3n de mal psicol\u00f3gico: <\/strong>En casos de lesiones personales o traumas, los psic\u00f3logos pueden evaluar y cuantificar el mal psicol\u00f3gico sufrido por la v\u00edctima y proporcionar recomendaciones sobre el tratamiento necesario.<\/span><\/li>\n<li class=\"template-chevron clearfix\">\n\t\t\t<span><strong>Evaluaci\u00f3n de la violencia dom\u00e9stica: <\/strong> En casos de violencia dom\u00e9stica, los psic\u00f3logos pueden evaluar la din\u00e1mica de la relaci\u00f3n y proporcionar recomendaciones para la intervenci\u00f3n y protecci\u00f3n de las v\u00edctimas.<\/span><\/li>\n<p><li class=\"template-chevron clearfix\">\n\t\t\t<span><strong>Evaluaci\u00f3n de trastornos psicol\u00f3gicos: <\/strong> Los psic\u00f3logos pueden diagnosticar y evaluar trastornos psicol\u00f3gicos que puedan ser relevantes para un caso judicial, como trastornos de personalidad, trastornos del estado de \u00e1nimo o trastornos de ansiedad.<\/span><\/li><\/ul>[\/vc_column_inner][\/vc_row_inner][\/vc_column][\/vc_row][vc_row type=\u00bbfull-width\u00bb full_width=\u00bbstretch_row_content\u00bb css=\u00bb.vc_custom_1636612702129{margin-bottom: 0px !important;border-bottom-width: 0px !important;padding-top: 50px !important;padding-bottom: 0px !important;background-color: #79b738 !important;}\u00bb][vc_column][vc_row_inner][vc_column_inner width=\u00bb1\/3&#8243;]<div class=\"info-box features-chat info-box-call-to-action\"><h3>Pide cita ahora<\/h3><p><\/p>\n<h3 style=\"text-align: center;\">\u00a1Podemos ayudarte!<\/h3>\n<p><\/p><\/div>[\/vc_column_inner][vc_column_inner width=\u00bb2\/3&#8243;]\n<div class=\"wpcf7 no-js\" id=\"wpcf7-f4923-o1\" lang=\"ca\" dir=\"ltr\" data-wpcf7-id=\"4923\">\n<div class=\"screen-reader-response\"><p role=\"status\" aria-live=\"polite\" aria-atomic=\"true\"><\/p> <ul><\/ul><\/div>\n<form action=\"\/es\/wp-json\/wp\/v2\/pages\/6619#wpcf7-f4923-o1\" method=\"post\" class=\"wpcf7-form init\" aria-label=\"Formulari de contacte\" novalidate=\"novalidate\" data-status=\"init\">\n<fieldset class=\"hidden-fields-container\"><input type=\"hidden\" name=\"_wpcf7\" value=\"4923\" \/><input type=\"hidden\" name=\"_wpcf7_version\" value=\"6.1.5\" \/><input type=\"hidden\" name=\"_wpcf7_locale\" value=\"ca\" \/><input type=\"hidden\" name=\"_wpcf7_unit_tag\" value=\"wpcf7-f4923-o1\" \/><input type=\"hidden\" name=\"_wpcf7_container_post\" value=\"0\" \/><input type=\"hidden\" name=\"_wpcf7_posted_data_hash\" value=\"\" \/><input type=\"hidden\" name=\"_wpcf7_recaptcha_response\" value=\"\" \/>\n<\/fieldset>\n<div id=\"responsive-form\" class=\"clearfix\">\n\t<h4 class=\"titol-footer-form\"> ESCR\u00cdBENOS\n\t<\/h4>\n\t<div class=\"form-row\">\n\t\t<div class=\"column-half\">\n\t\t\t<p><label> Nombre <\/label><span class=\"wpcf7-form-control-wrap\" data-name=\"your-name\"><input size=\"40\" maxlength=\"400\" class=\"wpcf7-form-control wpcf7-text wpcf7-validates-as-required\" aria-required=\"true\" aria-invalid=\"false\" value=\"\" type=\"text\" name=\"your-name\" \/><\/span>\n\t\t\t<\/p>\n\t\t<\/div>\n\t\t<div class=\"column-half\">\n\t\t\t<p><label> Apellidos <\/label><span class=\"wpcf7-form-control-wrap\" data-name=\"cognoms\"><input size=\"40\" maxlength=\"400\" class=\"wpcf7-form-control wpcf7-text wpcf7-validates-as-required\" aria-required=\"true\" aria-invalid=\"false\" value=\"\" type=\"text\" name=\"cognoms\" \/><\/span>\n\t\t\t<\/p>\n\t\t<\/div>\n\t<\/div>\n\t<div class=\"form-row\">\n\t\t<div class=\"column-half\">\n\t\t\t<p><label> Tel\u00e9fono <\/label><span class=\"wpcf7-form-control-wrap\" data-name=\"telefon\"><input size=\"40\" maxlength=\"400\" class=\"wpcf7-form-control wpcf7-tel wpcf7-validates-as-required wpcf7-text wpcf7-validates-as-tel\" aria-required=\"true\" aria-invalid=\"false\" value=\"\" type=\"tel\" name=\"telefon\" \/><\/span>\n\t\t\t<\/p>\n\t\t<\/div>\n\t\t<div class=\"column-half\">\n\t\t\t<p><label> Email <\/label><span class=\"wpcf7-form-control-wrap\" data-name=\"your-email\"><input size=\"40\" maxlength=\"400\" class=\"wpcf7-form-control wpcf7-email wpcf7-validates-as-required wpcf7-text wpcf7-validates-as-email\" aria-required=\"true\" aria-invalid=\"false\" value=\"\" type=\"email\" name=\"your-email\" \/><\/span>\n\t\t\t<\/p>\n\t\t<\/div>\n\t<\/div>\n\t<div class=\"form-row\">\n\t\t<div class=\"column-full\">\n\t\t\t<p><label> Mensaje <\/label><span class=\"wpcf7-form-control-wrap\" data-name=\"your-message\"><textarea cols=\"40\" rows=\"10\" maxlength=\"2000\" class=\"wpcf7-form-control wpcf7-textarea\" aria-invalid=\"false\" name=\"your-message\"><\/textarea><\/span>\n\t\t\t<\/p>\n\t\t<\/div>\n\t<\/div>\n\t<p><strong>Protecci\u00f3n de datos personales<\/strong><br \/>\nUtilizaremos sus datos para responder consultas y realizar an\u00e1lisis estad\u00edsticos. Para m\u00e1s informaci\u00f3n sobre el tratamiento y sus derechos, consulte la <a href=\"https:\/\/www.gabinetpsicologictena.com\/es\/politica-de-privacidad\/\" target=\"_blank\">pol\u00edtica de privacidad<\/a>.\n\t<\/p>\n\t<p><span class=\"wpcf7-form-control-wrap\" data-name=\"acceptance-953\"><span class=\"wpcf7-form-control wpcf7-acceptance\"><span class=\"wpcf7-list-item\"><input type=\"checkbox\" name=\"acceptance-953\" value=\"1\" aria-invalid=\"false\" \/><\/span><\/span><\/span> He le\u00eddo y acepto el <a href=\"https:\/\/www.gabinetpsicologictena.com\/es\/consentimiento-para-el-tratamiento-de-datos-personales\/\" target=\"_blank\">consentimiento para el tratamiento de datos<\/a><br \/>\n\t<\/p>\n\t<div class=\"form-row\">\n\t\t<div class=\"column-full\">\n\t\t\t<p><input class=\"wpcf7-form-control wpcf7-submit has-spinner\" type=\"submit\" value=\"Env\u00eda\" \/>\n\t\t\t<\/p>\n\t\t<\/div>\n\t<\/div>\n<\/div><input type=\"hidden\" id=\"ct_checkjs_cf7_dd45045f8c68db9f54e70c67048d32e8\" name=\"ct_checkjs_cf7\" value=\"0\" \/><script >setTimeout(function(){var ct_input_name = \"ct_checkjs_cf7_dd45045f8c68db9f54e70c67048d32e8\";if (document.getElementById(ct_input_name) !== null) {var ct_input_value = document.getElementById(ct_input_name).value;document.getElementById(ct_input_name).value = document.getElementById(ct_input_name).value.replace(ct_input_value, '39cf1169db7e3851b99385d0d9556aba1dcebbd940529f4d2f793b7285e1baab');}}, 1000);<\/script><input\n                    class=\"apbct_special_field apbct_email_id__wp_contact_form_7\"\n                    name=\"apbct__email_id__wp_contact_form_7\"\n                    aria-label=\"apbct__label_id__wp_contact_form_7\"\n                    type=\"text\" size=\"30\" maxlength=\"200\" autocomplete=\"off\"\n                    value=\"\"\n                \/><div class=\"wpcf7-response-output\" aria-hidden=\"true\"><\/div>\n<\/form>\n<\/div>\n[\/vc_column_inner][\/vc_row_inner][\/vc_column][\/vc_row]<\/p>\n","protected":false},"excerpt":{"rendered":"<p>[vc_row][vc_column][vc_column_text][\/vc_column_text][\/vc_column][\/vc_row][vc_row css=\u00bb.vc_custom_1692643309305{margin-top: 30px !important;margin-bottom: 20px !important;}\u00bb][vc_column][vc_row_inner css=\u00bb.vc_custom_1685482175452{margin-top: 30px !important;}\u00bb][vc_column_inner width=\u00bb1\/2&#8243;][vc_single_image image=\u00bb5994&#8243; img_size=\u00bbfull\u00bb][\/vc_column_inner][vc_column_inner width=\u00bb1\/2&#8243;][vc_column_text]Los peritajes psicol\u00f3gicos en el \u00e1mbito judicial es la evaluaci\u00f3n y el informe elaborado por un psic\u00f3logo forense o perito psicol\u00f3gico en un contexto legal. Son evaluaciones imparciales y basadas en evidencias, que tienen como objetivo proporcionar informaci\u00f3n experta sobre cuestiones relacionadas con<\/p>\n","protected":false},"author":4,"featured_media":0,"parent":6491,"menu_order":0,"comment_status":"closed","ping_status":"closed","template":"","meta":{"footnotes":""},"class_list":["post-6619","page","type-page","status-publish","hentry"],"yoast_head":"<!-- This site is optimized with the Yoast SEO plugin v27.3 - https:\/\/yoast.com\/product\/yoast-seo-wordpress\/ -->\n<title>Peritajes psicol\u00f3gicos judiciales | Gabinet Tena Esplugues<\/title>\n<meta name=\"description\" content=\"Informes periciales psicol\u00f3gicos en Esplugues validez judicial. Rigor, objetividad experiencia procedimientos civiles, penales y familiares.\" \/>\n<meta name=\"robots\" content=\"index, follow, max-snippet:-1, max-image-preview:large, max-video-preview:-1\" \/>\n<link rel=\"canonical\" href=\"https:\/\/www.gabinetpsicologictena.com\/es\/tratamientos-de-gabinet-psicologic-tena\/peritajes-psicologicos-judiciales-esplugues-llobregat\/\" \/>\n<meta property=\"og:locale\" content=\"es_ES\" \/>\n<meta property=\"og:type\" content=\"article\" \/>\n<meta property=\"og:title\" content=\"Peritajes psicol\u00f3gicos judiciales | Gabinet Tena Esplugues\" \/>\n<meta property=\"og:description\" content=\"Informes periciales psicol\u00f3gicos en Esplugues validez judicial. Rigor, objetividad experiencia procedimientos civiles, penales y familiares.\" \/>\n<meta property=\"og:url\" content=\"https:\/\/www.gabinetpsicologictena.com\/es\/tratamientos-de-gabinet-psicologic-tena\/peritajes-psicologicos-judiciales-esplugues-llobregat\/\" \/>\n<meta property=\"og:site_name\" content=\"Gabinet Psicol\u00f2gic Tena\" \/>\n<meta property=\"article:modified_time\" content=\"2025-07-04T09:49:18+00:00\" \/>\n<meta name=\"twitter:card\" content=\"summary_large_image\" \/>\n<meta name=\"twitter:label1\" content=\"Tiempo de lectura\" \/>\n\t<meta name=\"twitter:data1\" content=\"4 minutos\" \/>\n<script type=\"application\/ld+json\" class=\"yoast-schema-graph\">{\"@context\":\"https:\\\/\\\/schema.org\",\"@graph\":[{\"@type\":\"WebPage\",\"@id\":\"https:\\\/\\\/www.gabinetpsicologictena.com\\\/es\\\/tratamientos-de-gabinet-psicologic-tena\\\/peritajes-psicologicos-judiciales-esplugues-llobregat\\\/\",\"url\":\"https:\\\/\\\/www.gabinetpsicologictena.com\\\/es\\\/tratamientos-de-gabinet-psicologic-tena\\\/peritajes-psicologicos-judiciales-esplugues-llobregat\\\/\",\"name\":\"Peritajes psicol\u00f3gicos judiciales | Gabinet Tena Esplugues\",\"isPartOf\":{\"@id\":\"https:\\\/\\\/www.gabinetpsicologictena.com\\\/#website\"},\"datePublished\":\"2024-01-19T00:49:24+00:00\",\"dateModified\":\"2025-07-04T09:49:18+00:00\",\"description\":\"Informes periciales psicol\u00f3gicos en Esplugues validez judicial. Rigor, objetividad experiencia procedimientos civiles, penales y familiares.\",\"breadcrumb\":{\"@id\":\"https:\\\/\\\/www.gabinetpsicologictena.com\\\/es\\\/tratamientos-de-gabinet-psicologic-tena\\\/peritajes-psicologicos-judiciales-esplugues-llobregat\\\/#breadcrumb\"},\"inLanguage\":\"es\",\"potentialAction\":[{\"@type\":\"ReadAction\",\"target\":[\"https:\\\/\\\/www.gabinetpsicologictena.com\\\/es\\\/tratamientos-de-gabinet-psicologic-tena\\\/peritajes-psicologicos-judiciales-esplugues-llobregat\\\/\"]}]},{\"@type\":\"BreadcrumbList\",\"@id\":\"https:\\\/\\\/www.gabinetpsicologictena.com\\\/es\\\/tratamientos-de-gabinet-psicologic-tena\\\/peritajes-psicologicos-judiciales-esplugues-llobregat\\\/#breadcrumb\",\"itemListElement\":[{\"@type\":\"ListItem\",\"position\":1,\"name\":\"Tratamientos\",\"item\":\"https:\\\/\\\/www.gabinetpsicologictena.com\\\/es\\\/tratamientos-de-gabinet-psicologic-tena\\\/\"},{\"@type\":\"ListItem\",\"position\":2,\"name\":\"Peritajes \u00e1mbito judicial\"}]},{\"@type\":\"WebSite\",\"@id\":\"https:\\\/\\\/www.gabinetpsicologictena.com\\\/#website\",\"url\":\"https:\\\/\\\/www.gabinetpsicologictena.com\\\/\",\"name\":\"Gabinet Psicol\u00f2gic Tena\",\"description\":\"Centre Psicol\u00f2gic a Esplugues de Llobregat\",\"publisher\":{\"@id\":\"https:\\\/\\\/www.gabinetpsicologictena.com\\\/#organization\"},\"potentialAction\":[{\"@type\":\"SearchAction\",\"target\":{\"@type\":\"EntryPoint\",\"urlTemplate\":\"https:\\\/\\\/www.gabinetpsicologictena.com\\\/?s={search_term_string}\"},\"query-input\":{\"@type\":\"PropertyValueSpecification\",\"valueRequired\":true,\"valueName\":\"search_term_string\"}}],\"inLanguage\":\"es\"},{\"@type\":\"Organization\",\"@id\":\"https:\\\/\\\/www.gabinetpsicologictena.com\\\/#organization\",\"name\":\"Gabinet Psicol\u00f2gic Tena\",\"url\":\"https:\\\/\\\/www.gabinetpsicologictena.com\\\/\",\"logo\":{\"@type\":\"ImageObject\",\"inLanguage\":\"es\",\"@id\":\"https:\\\/\\\/www.gabinetpsicologictena.com\\\/#\\\/schema\\\/logo\\\/image\\\/\",\"url\":\"https:\\\/\\\/www.gabinetpsicologictena.com\\\/wp-content\\\/uploads\\\/2021\\\/04\\\/logo-gabinet-psicologic-tena-no-ok-rectangular2.png\",\"contentUrl\":\"https:\\\/\\\/www.gabinetpsicologictena.com\\\/wp-content\\\/uploads\\\/2021\\\/04\\\/logo-gabinet-psicologic-tena-no-ok-rectangular2.png\",\"width\":500,\"height\":197,\"caption\":\"Gabinet Psicol\u00f2gic Tena\"},\"image\":{\"@id\":\"https:\\\/\\\/www.gabinetpsicologictena.com\\\/#\\\/schema\\\/logo\\\/image\\\/\"}}]}<\/script>\n<!-- \/ Yoast SEO plugin. -->","yoast_head_json":{"title":"Peritajes psicol\u00f3gicos judiciales | Gabinet Tena Esplugues","description":"Informes periciales psicol\u00f3gicos en Esplugues validez judicial. Rigor, objetividad experiencia procedimientos civiles, penales y familiares.","robots":{"index":"index","follow":"follow","max-snippet":"max-snippet:-1","max-image-preview":"max-image-preview:large","max-video-preview":"max-video-preview:-1"},"canonical":"https:\/\/www.gabinetpsicologictena.com\/es\/tratamientos-de-gabinet-psicologic-tena\/peritajes-psicologicos-judiciales-esplugues-llobregat\/","og_locale":"es_ES","og_type":"article","og_title":"Peritajes psicol\u00f3gicos judiciales | Gabinet Tena Esplugues","og_description":"Informes periciales psicol\u00f3gicos en Esplugues validez judicial. Rigor, objetividad experiencia procedimientos civiles, penales y familiares.","og_url":"https:\/\/www.gabinetpsicologictena.com\/es\/tratamientos-de-gabinet-psicologic-tena\/peritajes-psicologicos-judiciales-esplugues-llobregat\/","og_site_name":"Gabinet Psicol\u00f2gic Tena","article_modified_time":"2025-07-04T09:49:18+00:00","twitter_card":"summary_large_image","twitter_misc":{"Tiempo de lectura":"4 minutos"},"schema":{"@context":"https:\/\/schema.org","@graph":[{"@type":"WebPage","@id":"https:\/\/www.gabinetpsicologictena.com\/es\/tratamientos-de-gabinet-psicologic-tena\/peritajes-psicologicos-judiciales-esplugues-llobregat\/","url":"https:\/\/www.gabinetpsicologictena.com\/es\/tratamientos-de-gabinet-psicologic-tena\/peritajes-psicologicos-judiciales-esplugues-llobregat\/","name":"Peritajes psicol\u00f3gicos judiciales | Gabinet Tena Esplugues","isPartOf":{"@id":"https:\/\/www.gabinetpsicologictena.com\/#website"},"datePublished":"2024-01-19T00:49:24+00:00","dateModified":"2025-07-04T09:49:18+00:00","description":"Informes periciales psicol\u00f3gicos en Esplugues validez judicial. Rigor, objetividad experiencia procedimientos civiles, penales y familiares.","breadcrumb":{"@id":"https:\/\/www.gabinetpsicologictena.com\/es\/tratamientos-de-gabinet-psicologic-tena\/peritajes-psicologicos-judiciales-esplugues-llobregat\/#breadcrumb"},"inLanguage":"es","potentialAction":[{"@type":"ReadAction","target":["https:\/\/www.gabinetpsicologictena.com\/es\/tratamientos-de-gabinet-psicologic-tena\/peritajes-psicologicos-judiciales-esplugues-llobregat\/"]}]},{"@type":"BreadcrumbList","@id":"https:\/\/www.gabinetpsicologictena.com\/es\/tratamientos-de-gabinet-psicologic-tena\/peritajes-psicologicos-judiciales-esplugues-llobregat\/#breadcrumb","itemListElement":[{"@type":"ListItem","position":1,"name":"Tratamientos","item":"https:\/\/www.gabinetpsicologictena.com\/es\/tratamientos-de-gabinet-psicologic-tena\/"},{"@type":"ListItem","position":2,"name":"Peritajes \u00e1mbito judicial"}]},{"@type":"WebSite","@id":"https:\/\/www.gabinetpsicologictena.com\/#website","url":"https:\/\/www.gabinetpsicologictena.com\/","name":"Gabinet Psicol\u00f2gic Tena","description":"Centre Psicol\u00f2gic a Esplugues de Llobregat","publisher":{"@id":"https:\/\/www.gabinetpsicologictena.com\/#organization"},"potentialAction":[{"@type":"SearchAction","target":{"@type":"EntryPoint","urlTemplate":"https:\/\/www.gabinetpsicologictena.com\/?s={search_term_string}"},"query-input":{"@type":"PropertyValueSpecification","valueRequired":true,"valueName":"search_term_string"}}],"inLanguage":"es"},{"@type":"Organization","@id":"https:\/\/www.gabinetpsicologictena.com\/#organization","name":"Gabinet Psicol\u00f2gic Tena","url":"https:\/\/www.gabinetpsicologictena.com\/","logo":{"@type":"ImageObject","inLanguage":"es","@id":"https:\/\/www.gabinetpsicologictena.com\/#\/schema\/logo\/image\/","url":"https:\/\/www.gabinetpsicologictena.com\/wp-content\/uploads\/2021\/04\/logo-gabinet-psicologic-tena-no-ok-rectangular2.png","contentUrl":"https:\/\/www.gabinetpsicologictena.com\/wp-content\/uploads\/2021\/04\/logo-gabinet-psicologic-tena-no-ok-rectangular2.png","width":500,"height":197,"caption":"Gabinet Psicol\u00f2gic Tena"},"image":{"@id":"https:\/\/www.gabinetpsicologictena.com\/#\/schema\/logo\/image\/"}}]}},"_links":{"self":[{"href":"https:\/\/www.gabinetpsicologictena.com\/es\/wp-json\/wp\/v2\/pages\/6619","targetHints":{"allow":["GET"]}}],"collection":[{"href":"https:\/\/www.gabinetpsicologictena.com\/es\/wp-json\/wp\/v2\/pages"}],"about":[{"href":"https:\/\/www.gabinetpsicologictena.com\/es\/wp-json\/wp\/v2\/types\/page"}],"author":[{"embeddable":true,"href":"https:\/\/www.gabinetpsicologictena.com\/es\/wp-json\/wp\/v2\/users\/4"}],"replies":[{"embeddable":true,"href":"https:\/\/www.gabinetpsicologictena.com\/es\/wp-json\/wp\/v2\/comments?post=6619"}],"version-history":[{"count":4,"href":"https:\/\/www.gabinetpsicologictena.com\/es\/wp-json\/wp\/v2\/pages\/6619\/revisions"}],"predecessor-version":[{"id":7013,"href":"https:\/\/www.gabinetpsicologictena.com\/es\/wp-json\/wp\/v2\/pages\/6619\/revisions\/7013"}],"up":[{"embeddable":true,"href":"https:\/\/www.gabinetpsicologictena.com\/es\/wp-json\/wp\/v2\/pages\/6491"}],"wp:attachment":[{"href":"https:\/\/www.gabinetpsicologictena.com\/es\/wp-json\/wp\/v2\/media?parent=6619"}],"curies":[{"name":"wp","href":"https:\/\/api.w.org\/{rel}","templated":true}]}}