{"id":6598,"date":"2023-11-16T00:03:19","date_gmt":"2023-11-16T00:03:19","guid":{"rendered":"http:\/\/tena.flybcndesign.com\/tratamientos\/terapia-a-domicili\/"},"modified":"2025-07-04T09:53:55","modified_gmt":"2025-07-04T09:53:55","slug":"psicologo-a-domicilio-esplugues","status":"publish","type":"page","link":"https:\/\/www.gabinetpsicologictena.com\/es\/tratamientos-de-gabinet-psicologic-tena\/psicologo-a-domicilio-esplugues\/","title":{"rendered":"Terapia a domicilio"},"content":{"rendered":"<p>[vc_row][vc_column][vc_column_text][\/vc_column_text][\/vc_column][\/vc_row][vc_row css=\u00bb.vc_custom_1692643309305{margin-top: 30px !important;margin-bottom: 20px !important;}\u00bb][vc_column][vc_row_inner][vc_column_inner width=\u00bb1\/2&#8243;][vc_single_image image=\u00bb6201&#8243; img_size=\u00bbfull\u00bb][\/vc_column_inner][vc_column_inner width=\u00bb1\/2&#8243;]<h3 class=\"box-header animation-slide\">\u00bfC\u00f3mo funciona una terapia psicol\u00f3gica a domicilio?<\/h3>[vc_column_text css=\u00bb.vc_custom_1707090905124{margin-top: 30px !important;margin-bottom: 30px !important;padding-top: 0px !important;}\u00bb]Uno de nuestros terapeutas eval\u00faa inicialmente el paciente para comprender sus necesidades, limitaciones, objetivos terap\u00e9uticos y cualquier otra informaci\u00f3n relevante.<br \/>\nEn base esta evaluaci\u00f3n inicial, el terapeuta desarrolla un plan de tratamiento personalizado.<br \/>\nLas sesiones de terapia se llevan a cabo en el hogar del paciente de acuerdo con el plan de tratamiento establecido.<br \/>\nEl terapeuta trabaja directamente con el paciente para implementar las intervenciones terap\u00e9uticas necesarias.<br \/>\nA medida que avanza el tratamiento, el terapeuta realiza un seguimiento constante del progreso del paciente y ajusta el plan de tratamiento seg\u00fan sea necesario.<\/p>\n<p>Es importante llevar un registro detallado de las sesiones de terapia, el progreso del paciente y cualquier cambio en el plan de tratamiento. Esto ayuda a mantener una visi\u00f3n clara del proceso terap\u00e9utico y permite llevar a cabo ajustes basados en datos objetivos.[\/vc_column_text][\/vc_column_inner][\/vc_row_inner][\/vc_column][\/vc_row][vc_row type=\u00bbfull-width\u00bb top_margin=\u00bbpage-margin-top\u00bb full_width=\u00bbstretch_row_content\u00bb el_position=\u00bblast\u00bb css=\u00bb.vc_custom_1621095351370{background-color: #79b738 !important;}\u00bb][vc_column][vc_row_inner][vc_column_inner]<div class=\"announcement clearfix vertical-align-table\">\n\t\t\t\t\t<ul class=\"vertical-align\">\n\t\t\t\t\t\t<li class=\"vertical-align-cell\"><h2>Descubre c\u00f3mo podemos ayudarte<\/h2><p>Empieza tu terapia hoy mismo<\/p>\n<\/li><li class=\"vertical-align-cell\">\n\t\t\t\t\t\t<a title=\"Pide cita ahora\" href=\"https:\/\/www.gabinetpsicologictena.com\/es\/contacto\/\" class=\"more mc-button light-color medium animated-element animation-slideLeft\">Pide cita ahora<\/a>\n\t\t\t\t\t<\/li><\/ul>\n\t\t\t<\/div>[\/vc_column_inner][\/vc_row_inner][\/vc_column][\/vc_row][vc_row top_margin=\u00bbpage-margin-top\u00bb][vc_column][vc_row_inner css=\u00bb.vc_custom_1636809500589{margin-bottom: 20px !important;}\u00bb][vc_column_inner]<h3 class=\"box-header animation-slide\">Cu\u00e1les son las ventajas de la terapia a domicilio?<\/h3>[\/vc_column_inner][\/vc_row_inner][vc_row_inner css=\u00bb.vc_custom_1700093095933{margin-bottom: 30px !important;}\u00bb][vc_column_inner][vc_column_text]Comodidad y conveniencia por personas con movilidad reducida, discapacidad o dificultades para desplazarse.<br \/>\nAlgunas personas o ni\u00f1os pueden sentirse m\u00e1s seguras y relajadas en su propio entorno, especialmente si sufren de ansiedad social, agorafobia u otras fobias.<br \/>\nAhorro de tiempo y energ\u00eda, en los desplazamientos para las sesiones de terapia, especialement en personas con horarios ocupados o responsabilidades familiares.<br \/>\nFamiliaridad con la en torno al paciente, as\u00ed el terapeuta puede lograr una mejor comprensi\u00f3n de su contexto de la vida y del entorno dom\u00e9stico.<br \/>\nInvolucrar a la familia, en el caso de terapia familiar, estar en el hogar puede facilitar la participaci\u00f3n de todos los miembros de la familia y abordar problemas relacionales directamente en el lugar donde ocurren.<br \/>\nFlexibilidad en el enfoque terap\u00e9utico, al estar en el hogar del paciente, el terapeuta puede adaptar su enfoque terap\u00e9utico de acuerdo con el entorno y las necesidades espec\u00edficas de la persona.[\/vc_column_text][\/vc_column_inner][\/vc_row_inner][\/vc_column][\/vc_row][vc_row type=\u00bbfull-width\u00bb full_width=\u00bbstretch_row_content\u00bb css=\u00bb.vc_custom_1636612702129{margin-bottom: 0px !important;border-bottom-width: 0px !important;padding-top: 50px !important;padding-bottom: 0px !important;background-color: #79b738 !important;}\u00bb][vc_column][vc_row_inner][vc_column_inner width=\u00bb1\/3&#8243;]<div class=\"info-box features-chat info-box-call-to-action\"><h3>Pide cita ahora<\/h3><p><\/p>\n<h3 style=\"text-align: center;\">\u00a1Podemos ayudarte!<\/h3>\n<p><\/p><\/div>[\/vc_column_inner][vc_column_inner width=\u00bb2\/3&#8243;]\n<div class=\"wpcf7 no-js\" id=\"wpcf7-f4923-o1\" lang=\"ca\" dir=\"ltr\" data-wpcf7-id=\"4923\">\n<div class=\"screen-reader-response\"><p role=\"status\" aria-live=\"polite\" aria-atomic=\"true\"><\/p> <ul><\/ul><\/div>\n<form action=\"\/es\/wp-json\/wp\/v2\/pages\/6598#wpcf7-f4923-o1\" method=\"post\" class=\"wpcf7-form init\" aria-label=\"Formulari de contacte\" novalidate=\"novalidate\" data-status=\"init\">\n<fieldset class=\"hidden-fields-container\"><input type=\"hidden\" name=\"_wpcf7\" value=\"4923\" \/><input type=\"hidden\" name=\"_wpcf7_version\" value=\"6.1.5\" \/><input type=\"hidden\" name=\"_wpcf7_locale\" value=\"ca\" \/><input type=\"hidden\" name=\"_wpcf7_unit_tag\" value=\"wpcf7-f4923-o1\" \/><input type=\"hidden\" name=\"_wpcf7_container_post\" value=\"0\" \/><input type=\"hidden\" name=\"_wpcf7_posted_data_hash\" value=\"\" \/><input type=\"hidden\" name=\"_wpcf7_recaptcha_response\" value=\"\" \/>\n<\/fieldset>\n<div id=\"responsive-form\" class=\"clearfix\">\n\t<h4 class=\"titol-footer-form\"> ESCR\u00cdBENOS\n\t<\/h4>\n\t<div class=\"form-row\">\n\t\t<div class=\"column-half\">\n\t\t\t<p><label> Nombre <\/label><span class=\"wpcf7-form-control-wrap\" data-name=\"your-name\"><input size=\"40\" maxlength=\"400\" class=\"wpcf7-form-control wpcf7-text wpcf7-validates-as-required\" aria-required=\"true\" aria-invalid=\"false\" value=\"\" type=\"text\" name=\"your-name\" \/><\/span>\n\t\t\t<\/p>\n\t\t<\/div>\n\t\t<div class=\"column-half\">\n\t\t\t<p><label> Apellidos <\/label><span class=\"wpcf7-form-control-wrap\" data-name=\"cognoms\"><input size=\"40\" maxlength=\"400\" class=\"wpcf7-form-control wpcf7-text wpcf7-validates-as-required\" aria-required=\"true\" aria-invalid=\"false\" value=\"\" type=\"text\" name=\"cognoms\" \/><\/span>\n\t\t\t<\/p>\n\t\t<\/div>\n\t<\/div>\n\t<div class=\"form-row\">\n\t\t<div class=\"column-half\">\n\t\t\t<p><label> Tel\u00e9fono <\/label><span class=\"wpcf7-form-control-wrap\" data-name=\"telefon\"><input size=\"40\" maxlength=\"400\" class=\"wpcf7-form-control wpcf7-tel wpcf7-validates-as-required wpcf7-text wpcf7-validates-as-tel\" aria-required=\"true\" aria-invalid=\"false\" value=\"\" type=\"tel\" name=\"telefon\" \/><\/span>\n\t\t\t<\/p>\n\t\t<\/div>\n\t\t<div class=\"column-half\">\n\t\t\t<p><label> Email <\/label><span class=\"wpcf7-form-control-wrap\" data-name=\"your-email\"><input size=\"40\" maxlength=\"400\" class=\"wpcf7-form-control wpcf7-email wpcf7-validates-as-required wpcf7-text wpcf7-validates-as-email\" aria-required=\"true\" aria-invalid=\"false\" value=\"\" type=\"email\" name=\"your-email\" \/><\/span>\n\t\t\t<\/p>\n\t\t<\/div>\n\t<\/div>\n\t<div class=\"form-row\">\n\t\t<div class=\"column-full\">\n\t\t\t<p><label> Mensaje <\/label><span class=\"wpcf7-form-control-wrap\" data-name=\"your-message\"><textarea cols=\"40\" rows=\"10\" maxlength=\"2000\" class=\"wpcf7-form-control wpcf7-textarea\" aria-invalid=\"false\" name=\"your-message\"><\/textarea><\/span>\n\t\t\t<\/p>\n\t\t<\/div>\n\t<\/div>\n\t<p><strong>Protecci\u00f3n de datos personales<\/strong><br \/>\nUtilizaremos sus datos para responder consultas y realizar an\u00e1lisis estad\u00edsticos. Para m\u00e1s informaci\u00f3n sobre el tratamiento y sus derechos, consulte la <a href=\"https:\/\/www.gabinetpsicologictena.com\/es\/politica-de-privacidad\/\" target=\"_blank\">pol\u00edtica de privacidad<\/a>.\n\t<\/p>\n\t<p><span class=\"wpcf7-form-control-wrap\" data-name=\"acceptance-953\"><span class=\"wpcf7-form-control wpcf7-acceptance\"><span class=\"wpcf7-list-item\"><input type=\"checkbox\" name=\"acceptance-953\" value=\"1\" aria-invalid=\"false\" \/><\/span><\/span><\/span> He le\u00eddo y acepto el <a href=\"https:\/\/www.gabinetpsicologictena.com\/es\/consentimiento-para-el-tratamiento-de-datos-personales\/\" target=\"_blank\">consentimiento para el tratamiento de datos<\/a><br \/>\n\t<\/p>\n\t<div class=\"form-row\">\n\t\t<div class=\"column-full\">\n\t\t\t<p><input class=\"wpcf7-form-control wpcf7-submit has-spinner\" type=\"submit\" value=\"Env\u00eda\" \/>\n\t\t\t<\/p>\n\t\t<\/div>\n\t<\/div>\n<\/div><input type=\"hidden\" id=\"ct_checkjs_cf7_1ce927f875864094e3906a4a0b5ece68\" name=\"ct_checkjs_cf7\" value=\"0\" \/><script >setTimeout(function(){var ct_input_name = \"ct_checkjs_cf7_1ce927f875864094e3906a4a0b5ece68\";if (document.getElementById(ct_input_name) !== null) {var ct_input_value = document.getElementById(ct_input_name).value;document.getElementById(ct_input_name).value = document.getElementById(ct_input_name).value.replace(ct_input_value, '39cf1169db7e3851b99385d0d9556aba1dcebbd940529f4d2f793b7285e1baab');}}, 1000);<\/script><input\n                    class=\"apbct_special_field apbct_email_id__wp_contact_form_7\"\n                    name=\"apbct__email_id__wp_contact_form_7\"\n                    aria-label=\"apbct__label_id__wp_contact_form_7\"\n                    type=\"text\" size=\"30\" maxlength=\"200\" autocomplete=\"off\"\n                    value=\"\"\n                \/><div class=\"wpcf7-response-output\" aria-hidden=\"true\"><\/div>\n<\/form>\n<\/div>\n[\/vc_column_inner][\/vc_row_inner][\/vc_column][\/vc_row]<\/p>\n","protected":false},"excerpt":{"rendered":"<p>[vc_row][vc_column][vc_column_text][\/vc_column_text][\/vc_column][\/vc_row][vc_row css=\u00bb.vc_custom_1692643309305{margin-top: 30px !important;margin-bottom: 20px !important;}\u00bb][vc_column][vc_row_inner][vc_column_inner width=\u00bb1\/2&#8243;][vc_single_image image=\u00bb6201&#8243; img_size=\u00bbfull\u00bb][\/vc_column_inner][vc_column_inner width=\u00bb1\/2&#8243;][vc_column_text css=\u00bb.vc_custom_1707090905124{margin-top: 30px !important;margin-bottom: 30px !important;padding-top: 0px !important;}\u00bb]Uno de nuestros terapeutas eval\u00faa inicialmente el paciente para comprender sus necesidades, limitaciones, objetivos terap\u00e9uticos y cualquier otra informaci\u00f3n relevante. En base esta evaluaci\u00f3n inicial, el terapeuta desarrolla un plan de tratamiento personalizado. Las sesiones de terapia se llevan<\/p>\n","protected":false},"author":4,"featured_media":0,"parent":6491,"menu_order":0,"comment_status":"closed","ping_status":"closed","template":"","meta":{"footnotes":""},"class_list":["post-6598","page","type-page","status-publish","hentry"],"yoast_head":"<!-- This site is optimized with the Yoast SEO plugin v27.3 - https:\/\/yoast.com\/product\/yoast-seo-wordpress\/ -->\n<title>Psic\u00f3logo a domicilio en Esplugues | Gabinet Psicol\u00f2gic Tena<\/title>\n<meta name=\"description\" content=\"Terapia psicol\u00f3gica en tu hogar en Esplugues. Atenci\u00f3n a domicilio para adultos, mayores y familias con dificultades de desplazamiento.\" \/>\n<meta name=\"robots\" content=\"index, follow, max-snippet:-1, max-image-preview:large, max-video-preview:-1\" \/>\n<link rel=\"canonical\" href=\"https:\/\/www.gabinetpsicologictena.com\/es\/tratamientos-de-gabinet-psicologic-tena\/psicologo-a-domicilio-esplugues\/\" \/>\n<meta property=\"og:locale\" content=\"es_ES\" \/>\n<meta property=\"og:type\" content=\"article\" \/>\n<meta property=\"og:title\" content=\"Psic\u00f3logo a domicilio en Esplugues | Gabinet Psicol\u00f2gic Tena\" \/>\n<meta property=\"og:description\" content=\"Terapia psicol\u00f3gica en tu hogar en Esplugues. Atenci\u00f3n a domicilio para adultos, mayores y familias con dificultades de desplazamiento.\" \/>\n<meta property=\"og:url\" content=\"https:\/\/www.gabinetpsicologictena.com\/es\/tratamientos-de-gabinet-psicologic-tena\/psicologo-a-domicilio-esplugues\/\" \/>\n<meta property=\"og:site_name\" content=\"Gabinet Psicol\u00f2gic Tena\" \/>\n<meta property=\"article:modified_time\" content=\"2025-07-04T09:53:55+00:00\" \/>\n<meta name=\"twitter:card\" content=\"summary_large_image\" \/>\n<meta name=\"twitter:label1\" content=\"Tiempo de lectura\" \/>\n\t<meta name=\"twitter:data1\" content=\"3 minutos\" \/>\n<script type=\"application\/ld+json\" class=\"yoast-schema-graph\">{\"@context\":\"https:\\\/\\\/schema.org\",\"@graph\":[{\"@type\":\"WebPage\",\"@id\":\"https:\\\/\\\/www.gabinetpsicologictena.com\\\/es\\\/tratamientos-de-gabinet-psicologic-tena\\\/psicologo-a-domicilio-esplugues\\\/\",\"url\":\"https:\\\/\\\/www.gabinetpsicologictena.com\\\/es\\\/tratamientos-de-gabinet-psicologic-tena\\\/psicologo-a-domicilio-esplugues\\\/\",\"name\":\"Psic\u00f3logo a domicilio en Esplugues | Gabinet Psicol\u00f2gic Tena\",\"isPartOf\":{\"@id\":\"https:\\\/\\\/www.gabinetpsicologictena.com\\\/#website\"},\"datePublished\":\"2023-11-16T00:03:19+00:00\",\"dateModified\":\"2025-07-04T09:53:55+00:00\",\"description\":\"Terapia psicol\u00f3gica en tu hogar en Esplugues. Atenci\u00f3n a domicilio para adultos, mayores y familias con dificultades de desplazamiento.\",\"breadcrumb\":{\"@id\":\"https:\\\/\\\/www.gabinetpsicologictena.com\\\/es\\\/tratamientos-de-gabinet-psicologic-tena\\\/psicologo-a-domicilio-esplugues\\\/#breadcrumb\"},\"inLanguage\":\"es\",\"potentialAction\":[{\"@type\":\"ReadAction\",\"target\":[\"https:\\\/\\\/www.gabinetpsicologictena.com\\\/es\\\/tratamientos-de-gabinet-psicologic-tena\\\/psicologo-a-domicilio-esplugues\\\/\"]}]},{\"@type\":\"BreadcrumbList\",\"@id\":\"https:\\\/\\\/www.gabinetpsicologictena.com\\\/es\\\/tratamientos-de-gabinet-psicologic-tena\\\/psicologo-a-domicilio-esplugues\\\/#breadcrumb\",\"itemListElement\":[{\"@type\":\"ListItem\",\"position\":1,\"name\":\"Tratamientos\",\"item\":\"https:\\\/\\\/www.gabinetpsicologictena.com\\\/es\\\/tratamientos-de-gabinet-psicologic-tena\\\/\"},{\"@type\":\"ListItem\",\"position\":2,\"name\":\"Terapia a domicilio\"}]},{\"@type\":\"WebSite\",\"@id\":\"https:\\\/\\\/www.gabinetpsicologictena.com\\\/#website\",\"url\":\"https:\\\/\\\/www.gabinetpsicologictena.com\\\/\",\"name\":\"Gabinet Psicol\u00f2gic Tena\",\"description\":\"Centre Psicol\u00f2gic a Esplugues de Llobregat\",\"publisher\":{\"@id\":\"https:\\\/\\\/www.gabinetpsicologictena.com\\\/#organization\"},\"potentialAction\":[{\"@type\":\"SearchAction\",\"target\":{\"@type\":\"EntryPoint\",\"urlTemplate\":\"https:\\\/\\\/www.gabinetpsicologictena.com\\\/?s={search_term_string}\"},\"query-input\":{\"@type\":\"PropertyValueSpecification\",\"valueRequired\":true,\"valueName\":\"search_term_string\"}}],\"inLanguage\":\"es\"},{\"@type\":\"Organization\",\"@id\":\"https:\\\/\\\/www.gabinetpsicologictena.com\\\/#organization\",\"name\":\"Gabinet Psicol\u00f2gic Tena\",\"url\":\"https:\\\/\\\/www.gabinetpsicologictena.com\\\/\",\"logo\":{\"@type\":\"ImageObject\",\"inLanguage\":\"es\",\"@id\":\"https:\\\/\\\/www.gabinetpsicologictena.com\\\/#\\\/schema\\\/logo\\\/image\\\/\",\"url\":\"https:\\\/\\\/www.gabinetpsicologictena.com\\\/wp-content\\\/uploads\\\/2021\\\/04\\\/logo-gabinet-psicologic-tena-no-ok-rectangular2.png\",\"contentUrl\":\"https:\\\/\\\/www.gabinetpsicologictena.com\\\/wp-content\\\/uploads\\\/2021\\\/04\\\/logo-gabinet-psicologic-tena-no-ok-rectangular2.png\",\"width\":500,\"height\":197,\"caption\":\"Gabinet Psicol\u00f2gic Tena\"},\"image\":{\"@id\":\"https:\\\/\\\/www.gabinetpsicologictena.com\\\/#\\\/schema\\\/logo\\\/image\\\/\"}}]}<\/script>\n<!-- \/ Yoast SEO plugin. -->","yoast_head_json":{"title":"Psic\u00f3logo a domicilio en Esplugues | Gabinet Psicol\u00f2gic Tena","description":"Terapia psicol\u00f3gica en tu hogar en Esplugues. Atenci\u00f3n a domicilio para adultos, mayores y familias con dificultades de desplazamiento.","robots":{"index":"index","follow":"follow","max-snippet":"max-snippet:-1","max-image-preview":"max-image-preview:large","max-video-preview":"max-video-preview:-1"},"canonical":"https:\/\/www.gabinetpsicologictena.com\/es\/tratamientos-de-gabinet-psicologic-tena\/psicologo-a-domicilio-esplugues\/","og_locale":"es_ES","og_type":"article","og_title":"Psic\u00f3logo a domicilio en Esplugues | Gabinet Psicol\u00f2gic Tena","og_description":"Terapia psicol\u00f3gica en tu hogar en Esplugues. Atenci\u00f3n a domicilio para adultos, mayores y familias con dificultades de desplazamiento.","og_url":"https:\/\/www.gabinetpsicologictena.com\/es\/tratamientos-de-gabinet-psicologic-tena\/psicologo-a-domicilio-esplugues\/","og_site_name":"Gabinet Psicol\u00f2gic Tena","article_modified_time":"2025-07-04T09:53:55+00:00","twitter_card":"summary_large_image","twitter_misc":{"Tiempo de lectura":"3 minutos"},"schema":{"@context":"https:\/\/schema.org","@graph":[{"@type":"WebPage","@id":"https:\/\/www.gabinetpsicologictena.com\/es\/tratamientos-de-gabinet-psicologic-tena\/psicologo-a-domicilio-esplugues\/","url":"https:\/\/www.gabinetpsicologictena.com\/es\/tratamientos-de-gabinet-psicologic-tena\/psicologo-a-domicilio-esplugues\/","name":"Psic\u00f3logo a domicilio en Esplugues | Gabinet Psicol\u00f2gic Tena","isPartOf":{"@id":"https:\/\/www.gabinetpsicologictena.com\/#website"},"datePublished":"2023-11-16T00:03:19+00:00","dateModified":"2025-07-04T09:53:55+00:00","description":"Terapia psicol\u00f3gica en tu hogar en Esplugues. Atenci\u00f3n a domicilio para adultos, mayores y familias con dificultades de desplazamiento.","breadcrumb":{"@id":"https:\/\/www.gabinetpsicologictena.com\/es\/tratamientos-de-gabinet-psicologic-tena\/psicologo-a-domicilio-esplugues\/#breadcrumb"},"inLanguage":"es","potentialAction":[{"@type":"ReadAction","target":["https:\/\/www.gabinetpsicologictena.com\/es\/tratamientos-de-gabinet-psicologic-tena\/psicologo-a-domicilio-esplugues\/"]}]},{"@type":"BreadcrumbList","@id":"https:\/\/www.gabinetpsicologictena.com\/es\/tratamientos-de-gabinet-psicologic-tena\/psicologo-a-domicilio-esplugues\/#breadcrumb","itemListElement":[{"@type":"ListItem","position":1,"name":"Tratamientos","item":"https:\/\/www.gabinetpsicologictena.com\/es\/tratamientos-de-gabinet-psicologic-tena\/"},{"@type":"ListItem","position":2,"name":"Terapia a domicilio"}]},{"@type":"WebSite","@id":"https:\/\/www.gabinetpsicologictena.com\/#website","url":"https:\/\/www.gabinetpsicologictena.com\/","name":"Gabinet Psicol\u00f2gic Tena","description":"Centre Psicol\u00f2gic a Esplugues de Llobregat","publisher":{"@id":"https:\/\/www.gabinetpsicologictena.com\/#organization"},"potentialAction":[{"@type":"SearchAction","target":{"@type":"EntryPoint","urlTemplate":"https:\/\/www.gabinetpsicologictena.com\/?s={search_term_string}"},"query-input":{"@type":"PropertyValueSpecification","valueRequired":true,"valueName":"search_term_string"}}],"inLanguage":"es"},{"@type":"Organization","@id":"https:\/\/www.gabinetpsicologictena.com\/#organization","name":"Gabinet Psicol\u00f2gic Tena","url":"https:\/\/www.gabinetpsicologictena.com\/","logo":{"@type":"ImageObject","inLanguage":"es","@id":"https:\/\/www.gabinetpsicologictena.com\/#\/schema\/logo\/image\/","url":"https:\/\/www.gabinetpsicologictena.com\/wp-content\/uploads\/2021\/04\/logo-gabinet-psicologic-tena-no-ok-rectangular2.png","contentUrl":"https:\/\/www.gabinetpsicologictena.com\/wp-content\/uploads\/2021\/04\/logo-gabinet-psicologic-tena-no-ok-rectangular2.png","width":500,"height":197,"caption":"Gabinet Psicol\u00f2gic Tena"},"image":{"@id":"https:\/\/www.gabinetpsicologictena.com\/#\/schema\/logo\/image\/"}}]}},"_links":{"self":[{"href":"https:\/\/www.gabinetpsicologictena.com\/es\/wp-json\/wp\/v2\/pages\/6598","targetHints":{"allow":["GET"]}}],"collection":[{"href":"https:\/\/www.gabinetpsicologictena.com\/es\/wp-json\/wp\/v2\/pages"}],"about":[{"href":"https:\/\/www.gabinetpsicologictena.com\/es\/wp-json\/wp\/v2\/types\/page"}],"author":[{"embeddable":true,"href":"https:\/\/www.gabinetpsicologictena.com\/es\/wp-json\/wp\/v2\/users\/4"}],"replies":[{"embeddable":true,"href":"https:\/\/www.gabinetpsicologictena.com\/es\/wp-json\/wp\/v2\/comments?post=6598"}],"version-history":[{"count":4,"href":"https:\/\/www.gabinetpsicologictena.com\/es\/wp-json\/wp\/v2\/pages\/6598\/revisions"}],"predecessor-version":[{"id":7060,"href":"https:\/\/www.gabinetpsicologictena.com\/es\/wp-json\/wp\/v2\/pages\/6598\/revisions\/7060"}],"up":[{"embeddable":true,"href":"https:\/\/www.gabinetpsicologictena.com\/es\/wp-json\/wp\/v2\/pages\/6491"}],"wp:attachment":[{"href":"https:\/\/www.gabinetpsicologictena.com\/es\/wp-json\/wp\/v2\/media?parent=6598"}],"curies":[{"name":"wp","href":"https:\/\/api.w.org\/{rel}","templated":true}]}}