{"id":6503,"date":"2023-09-12T22:26:48","date_gmt":"2023-09-12T22:26:48","guid":{"rendered":"http:\/\/tena.flybcndesign.com\/tratamientos\/psiquiatria-adults-infantil-i-juvenil\/"},"modified":"2026-04-10T10:23:04","modified_gmt":"2026-04-10T10:23:04","slug":"psiquiatra-esplugues-llobregat","status":"publish","type":"page","link":"https:\/\/www.gabinetpsicologictena.com\/es\/tratamientos-de-gabinet-psicologic-tena\/psiquiatra-esplugues-llobregat\/","title":{"rendered":"Psiquiatr\u00eda adultos, infantil y juvenil"},"content":{"rendered":"<p>[vc_row disable_element=\u00bbyes\u00bb][vc_column]<h2 class=\"box-header\">PSICOLOGIA INFANTIL I JUVENIL<\/h2>[\/vc_column][\/vc_row][vc_row css=\u00bb.vc_custom_1636811625088{margin-bottom: 50px !important;}\u00bb][vc_column]<ul class=\"mc-gallery gallery-4-columns dm_simple llista-psicologia-infantil-juvenil\"><li class=\"gallery-box gallery-box-1 hover-icons-off\" id=\"gallery-item-psiquiatria-adults\"><span class=\"mc-preloader\"><\/span><img loading=\"lazy\" decoding=\"async\" width=\"285\" height=\"190\" src=\"https:\/\/www.gabinetpsicologictena.com\/wp-content\/uploads\/2024\/01\/psicologos-psiquiatria-adultos-285x190.webp\" class=\"mc-preload wp-post-image\" alt=\"Psiquiatr\u00eda adultos\" title=\"\" srcset=\"https:\/\/www.gabinetpsicologictena.com\/wp-content\/uploads\/2024\/01\/psicologos-psiquiatria-adultos-285x190.webp 285w, https:\/\/www.gabinetpsicologictena.com\/wp-content\/uploads\/2024\/01\/psicologos-psiquiatria-adultos-670x446.webp 670w, https:\/\/www.gabinetpsicologictena.com\/wp-content\/uploads\/2024\/01\/psicologos-psiquiatria-adultos-600x400.webp 600w, https:\/\/www.gabinetpsicologictena.com\/wp-content\/uploads\/2024\/01\/psicologos-psiquiatria-adultos-480x320.webp 480w, https:\/\/www.gabinetpsicologictena.com\/wp-content\/uploads\/2024\/01\/psicologos-psiquiatria-adultos-390x260.webp 390w\" sizes=\"auto, (max-width: 285px) 100vw, 285px\" \/>\n\t\t\t\t\t\t<div class=\"description\">\n\t\t\t\t\t\t\t<h4>Psiquiatr\u00eda adultos<\/h4>\n\t\t\t\t\t\t\t<h5><\/h5>\n\t\t\t\t\t\t<\/div>\n\t\t\t\t\t\t<ul class=\"controls\"><li><a href=\"https:\/\/www.gabinetpsicologictena.com\/es\/tratamientos-de-gabinet-psicologic-tena\/psiquiatria-adultos-infantil-juvenil-esplugues-llobregat\/psiquiatria-adultos\/\" class=\"template-plus-2 fancybox-url open-url-lightbox\" rel=\"mcgallery\"><\/a>\n\t\t\t\t\t<\/li><\/ul><\/li><li class=\"gallery-box gallery-box-2 hover-icons-off\" id=\"gallery-item-psiquiatria-clinica-infantil-y-juvenil\"><span class=\"mc-preloader\"><\/span><img loading=\"lazy\" decoding=\"async\" width=\"285\" height=\"190\" src=\"https:\/\/www.gabinetpsicologictena.com\/wp-content\/uploads\/2024\/01\/psicologos-psiquiatria-infantil-juvenil-285x190.webp\" class=\"mc-preload wp-post-image\" alt=\"Psiquiatr\u00eda infantil y juvenil\" title=\"\" srcset=\"https:\/\/www.gabinetpsicologictena.com\/wp-content\/uploads\/2024\/01\/psicologos-psiquiatria-infantil-juvenil-285x190.webp 285w, https:\/\/www.gabinetpsicologictena.com\/wp-content\/uploads\/2024\/01\/psicologos-psiquiatria-infantil-juvenil-670x446.webp 670w, https:\/\/www.gabinetpsicologictena.com\/wp-content\/uploads\/2024\/01\/psicologos-psiquiatria-infantil-juvenil-600x400.webp 600w, https:\/\/www.gabinetpsicologictena.com\/wp-content\/uploads\/2024\/01\/psicologos-psiquiatria-infantil-juvenil-480x320.webp 480w, https:\/\/www.gabinetpsicologictena.com\/wp-content\/uploads\/2024\/01\/psicologos-psiquiatria-infantil-juvenil-390x260.webp 390w\" sizes=\"auto, (max-width: 285px) 100vw, 285px\" \/>\n\t\t\t\t\t\t<div class=\"description\">\n\t\t\t\t\t\t\t<h4>Psiquiatr\u00eda infantil y juvenil<\/h4>\n\t\t\t\t\t\t\t<h5><\/h5>\n\t\t\t\t\t\t<\/div>\n\t\t\t\t\t\t<ul class=\"controls\"><li><a href=\"https:\/\/www.gabinetpsicologictena.com\/es\/tratamientos-de-gabinet-psicologic-tena\/psiquiatra-esplugues-llobregat\/psiquiatria-infantil-juvenil-esplugues\/\" class=\"template-plus-2 fancybox-url open-url-lightbox\" rel=\"mcgallery\"><\/a>\n\t\t\t\t\t<\/li><\/ul><\/li><\/ul>[\/vc_column][\/vc_row][vc_section][vc_row][vc_column]<h2 class=\"box-header\">Psiquiatra en Esplugues de Llobregat. Evaluaci\u00f3n, diagn\u00f3stico y tratamiento especializado<\/h2>[vc_column_text css=\u00bb.vc_custom_1775815728235{margin-bottom: 50px !important;}\u00bb]<\/p>\n<p data-start=\"247\" data-end=\"492\">En <strong data-start=\"250\" data-end=\"277\">Gabinet Psicol\u00f2gic Tena<\/strong>, ofrecemos un servicio especializado de <strong data-start=\"318\" data-end=\"359\">psiquiatr\u00eda en Esplugues de Llobregat<\/strong>, orientado a la <strong data-start=\"376\" data-end=\"458\">evaluaci\u00f3n, diagn\u00f3stico y tratamiento m\u00e9dico de los trastornos de salud mental<\/strong> en ni\u00f1os, adolescentes y adultos.<\/p>\n<p data-start=\"494\" data-end=\"748\">La atenci\u00f3n psiqui\u00e1trica es fundamental cuando los s\u00edntomas emocionales, cognitivos o conductuales <strong data-start=\"593\" data-end=\"685\">requieren una valoraci\u00f3n cl\u00ednica profunda y, en algunos casos, tratamiento farmacol\u00f3gico<\/strong>, siempre basado en criterios cient\u00edficos y supervisi\u00f3n m\u00e9dica.<\/p>\n<p data-start=\"750\" data-end=\"856\">Nuestro equipo de psiquiatr\u00eda trabaja desde un enfoque <strong data-start=\"805\" data-end=\"843\">integral, riguroso y personalizado<\/strong>, combinando:<\/p>\n<ul>\n<li><strong data-start=\"860\" data-end=\"893\">Evaluaci\u00f3n cl\u00ednica exhaustiva<\/strong><\/li>\n<li><strong data-start=\"896\" data-end=\"960\">Diagn\u00f3stico seg\u00fan criterios internacionales (DSM-5 y CIE-10)<\/strong><\/li>\n<li><strong data-start=\"963\" data-end=\"1012\">Tratamiento farmacol\u00f3gico cuando es necesario<\/strong><\/li>\n<li><strong data-start=\"1015\" data-end=\"1054\">Coordinaci\u00f3n con psicolog\u00eda cl\u00ednica<\/strong><\/li>\n<\/ul>\n<p data-start=\"1056\" data-end=\"1224\">El objetivo es ayudarte a <strong data-start=\"1082\" data-end=\"1165\">comprender qu\u00e9 te ocurre, estabilizar los s\u00edntomas y mejorar tu calidad de vida<\/strong>, mediante un tratamiento ajustado a tu situaci\u00f3n personal.<\/p>\n<p>[\/vc_column_text][\/vc_column][\/vc_row][vc_row][vc_column]<h2 class=\"box-header\">\u00bfCu\u00e1ndo acudir a un psiquiatra?<\/h2>[vc_column_text css=\u00bb.vc_custom_1775815871155{margin-bottom: 50px !important;}\u00bb]<\/p>\n<p data-start=\"1271\" data-end=\"1357\">Es recomendable acudir a un <strong data-start=\"1299\" data-end=\"1326\">psiquiatra en Esplugues<\/strong> cuando aparecen s\u00edntomas como:<\/p>\n<ul>\n<li><strong data-start=\"1361\" data-end=\"1395\">Ansiedad intensa o persistente<\/strong><\/li>\n<li><strong data-start=\"1398\" data-end=\"1445\">Depresi\u00f3n o bajo estado de \u00e1nimo prolongado<\/strong><\/li>\n<li><strong data-start=\"1448\" data-end=\"1472\">Trastornos del sue\u00f1o<\/strong><\/li>\n<li><strong data-start=\"1475\" data-end=\"1513\">Cambios importantes en la conducta<\/strong><\/li>\n<li><strong data-start=\"1516\" data-end=\"1563\">Dificultades de concentraci\u00f3n o pensamiento<\/strong><\/li>\n<li><strong data-start=\"1566\" data-end=\"1604\">Crisis emocionales o desregulaci\u00f3n<\/strong><\/li>\n<li><strong data-start=\"1607\" data-end=\"1648\">Necesidad de valoraci\u00f3n farmacol\u00f3gica<\/strong><\/li>\n<\/ul>\n<p data-start=\"1650\" data-end=\"1758\">Una intervenci\u00f3n precoz permite <strong data-start=\"1682\" data-end=\"1757\">evitar la cronificaci\u00f3n de los s\u00edntomas y mejorar el pron\u00f3stico cl\u00ednico<\/strong>.<\/p>\n<p>[\/vc_column_text][\/vc_column][\/vc_row][vc_row][vc_column]<h2 class=\"box-header\">Atenci\u00f3n psiqui\u00e1trica profesional en Esplugues de Llobregat<\/h2>[vc_column_text css=\u00bb.vc_custom_1775815909701{margin-bottom: 50px !important;}\u00bb]<\/p>\n<p data-start=\"1833\" data-end=\"1901\">En <strong data-start=\"1836\" data-end=\"1863\">Gabinet Psicol\u00f2gic Tena<\/strong>, ofrecemos una atenci\u00f3n psiqui\u00e1trica:<\/p>\n<ul>\n<li><strong data-start=\"1905\" data-end=\"1951\">Individualizada y adaptada a cada paciente<\/strong><\/li>\n<li><strong data-start=\"1954\" data-end=\"1988\">Basada en evidencia cient\u00edfica<\/strong><\/li>\n<li><strong data-start=\"1991\" data-end=\"2019\">Con seguimiento continuo<\/strong><\/li>\n<li><strong data-start=\"2022\" data-end=\"2081\">En coordinaci\u00f3n con otros profesionales de salud mental<\/strong><\/li>\n<\/ul>\n<p data-start=\"2083\" data-end=\"2201\">Trabajamos para ofrecerte un <strong data-start=\"2112\" data-end=\"2155\">tratamiento seguro, eficaz y respetuoso<\/strong>, centrado en tu bienestar emocional y mental.<\/p>\n<p>[\/vc_column_text][vc_column_text css=\u00bb.vc_custom_1775816581320{margin-bottom: 50px !important;}\u00bb]<\/p>\n<h4><\/h4>\n<p>&nbsp;<\/p>\n<blockquote>\n<h4><strong>Pide cita con nuestro psiquiatra en Esplugues de Llobregat y da el primer paso para recuperar tu equilibrio emocional.<\/strong><\/h4>\n<\/blockquote>\n<p>&nbsp;<\/p>\n<p>&nbsp;[\/vc_column_text][\/vc_column][\/vc_row][\/vc_section]<\/p>\n","protected":false},"excerpt":{"rendered":"<p>[vc_row disable_element=\u00bbyes\u00bb][vc_column][\/vc_column][\/vc_row][vc_row css=\u00bb.vc_custom_1636811625088{margin-bottom: 50px !important;}\u00bb][vc_column][\/vc_column][\/vc_row][vc_section][vc_row][vc_column][vc_column_text css=\u00bb.vc_custom_1775815728235{margin-bottom: 50px !important;}\u00bb] En Gabinet Psicol\u00f2gic Tena, ofrecemos un servicio especializado de psiquiatr\u00eda en Esplugues de Llobregat, orientado a la evaluaci\u00f3n, diagn\u00f3stico y tratamiento m\u00e9dico de los trastornos de salud mental en ni\u00f1os, adolescentes y adultos. La atenci\u00f3n psiqui\u00e1trica es fundamental cuando los s\u00edntomas emocionales, cognitivos o conductuales requieren una<\/p>\n","protected":false},"author":4,"featured_media":0,"parent":6491,"menu_order":0,"comment_status":"closed","ping_status":"closed","template":"","meta":{"footnotes":""},"class_list":["post-6503","page","type-page","status-publish","hentry"],"yoast_head":"<!-- This site is optimized with the Yoast SEO plugin v27.4 - https:\/\/yoast.com\/product\/yoast-seo-wordpress\/ -->\n<title>Psiquiatra en Esplugues de Llobregat | Evaluaci\u00f3n y tratamiento<\/title>\n<meta name=\"description\" content=\"Evaluaci\u00f3n cl\u00ednica, diagn\u00f3stico y tratamiento de trastornos mentales con enfoque m\u00e9dico especializado.\" \/>\n<meta name=\"robots\" content=\"index, follow, max-snippet:-1, max-image-preview:large, max-video-preview:-1\" \/>\n<link rel=\"canonical\" href=\"https:\/\/www.gabinetpsicologictena.com\/tractaments-de-gabinet-psicologic-tena\/psiquiatre-esplugues-llobregat\/\" \/>\n<meta property=\"og:locale\" content=\"es_ES\" \/>\n<meta property=\"og:type\" content=\"article\" \/>\n<meta property=\"og:title\" content=\"Psiquiatra en Esplugues de Llobregat | Evaluaci\u00f3n y tratamiento\" \/>\n<meta property=\"og:description\" content=\"Evaluaci\u00f3n cl\u00ednica, diagn\u00f3stico y tratamiento de trastornos mentales con enfoque m\u00e9dico especializado.\" \/>\n<meta property=\"og:url\" content=\"https:\/\/www.gabinetpsicologictena.com\/tractaments-de-gabinet-psicologic-tena\/psiquiatre-esplugues-llobregat\/\" \/>\n<meta property=\"og:site_name\" content=\"Gabinet Psicol\u00f2gic Tena\" \/>\n<meta property=\"article:modified_time\" content=\"2026-04-10T10:23:04+00:00\" \/>\n<meta name=\"twitter:card\" content=\"summary_large_image\" \/>\n<meta name=\"twitter:label1\" content=\"Tiempo de lectura\" \/>\n\t<meta name=\"twitter:data1\" content=\"2 minutos\" \/>\n<script type=\"application\/ld+json\" class=\"yoast-schema-graph\">{\"@context\":\"https:\\\/\\\/schema.org\",\"@graph\":[{\"@type\":\"WebPage\",\"@id\":\"https:\\\/\\\/www.gabinetpsicologictena.com\\\/tractaments-de-gabinet-psicologic-tena\\\/psiquiatre-esplugues-llobregat\\\/\",\"url\":\"https:\\\/\\\/www.gabinetpsicologictena.com\\\/tractaments-de-gabinet-psicologic-tena\\\/psiquiatre-esplugues-llobregat\\\/\",\"name\":\"Psiquiatra en Esplugues de Llobregat | Evaluaci\u00f3n y tratamiento\",\"isPartOf\":{\"@id\":\"https:\\\/\\\/www.gabinetpsicologictena.com\\\/#website\"},\"datePublished\":\"2023-09-12T22:26:48+00:00\",\"dateModified\":\"2026-04-10T10:23:04+00:00\",\"description\":\"Evaluaci\u00f3n cl\u00ednica, diagn\u00f3stico y tratamiento de trastornos mentales con enfoque m\u00e9dico especializado.\",\"breadcrumb\":{\"@id\":\"https:\\\/\\\/www.gabinetpsicologictena.com\\\/tractaments-de-gabinet-psicologic-tena\\\/psiquiatre-esplugues-llobregat\\\/#breadcrumb\"},\"inLanguage\":\"es\",\"potentialAction\":[{\"@type\":\"ReadAction\",\"target\":[\"https:\\\/\\\/www.gabinetpsicologictena.com\\\/tractaments-de-gabinet-psicologic-tena\\\/psiquiatre-esplugues-llobregat\\\/\"]}]},{\"@type\":\"BreadcrumbList\",\"@id\":\"https:\\\/\\\/www.gabinetpsicologictena.com\\\/tractaments-de-gabinet-psicologic-tena\\\/psiquiatre-esplugues-llobregat\\\/#breadcrumb\",\"itemListElement\":[{\"@type\":\"ListItem\",\"position\":1,\"name\":\"Tratamientos\",\"item\":\"https:\\\/\\\/www.gabinetpsicologictena.com\\\/es\\\/tratamientos-de-gabinet-psicologic-tena\\\/\"},{\"@type\":\"ListItem\",\"position\":2,\"name\":\"Psiquiatr\u00eda adultos, infantil y juvenil\"}]},{\"@type\":\"WebSite\",\"@id\":\"https:\\\/\\\/www.gabinetpsicologictena.com\\\/#website\",\"url\":\"https:\\\/\\\/www.gabinetpsicologictena.com\\\/\",\"name\":\"Gabinet Psicol\u00f2gic Tena\",\"description\":\"Centre Psicol\u00f2gic a Esplugues de Llobregat\",\"publisher\":{\"@id\":\"https:\\\/\\\/www.gabinetpsicologictena.com\\\/#organization\"},\"potentialAction\":[{\"@type\":\"SearchAction\",\"target\":{\"@type\":\"EntryPoint\",\"urlTemplate\":\"https:\\\/\\\/www.gabinetpsicologictena.com\\\/?s={search_term_string}\"},\"query-input\":{\"@type\":\"PropertyValueSpecification\",\"valueRequired\":true,\"valueName\":\"search_term_string\"}}],\"inLanguage\":\"es\"},{\"@type\":\"Organization\",\"@id\":\"https:\\\/\\\/www.gabinetpsicologictena.com\\\/#organization\",\"name\":\"Gabinet Psicol\u00f2gic Tena\",\"url\":\"https:\\\/\\\/www.gabinetpsicologictena.com\\\/\",\"logo\":{\"@type\":\"ImageObject\",\"inLanguage\":\"es\",\"@id\":\"https:\\\/\\\/www.gabinetpsicologictena.com\\\/#\\\/schema\\\/logo\\\/image\\\/\",\"url\":\"https:\\\/\\\/www.gabinetpsicologictena.com\\\/wp-content\\\/uploads\\\/2021\\\/04\\\/logo-gabinet-psicologic-tena-no-ok-rectangular2.png\",\"contentUrl\":\"https:\\\/\\\/www.gabinetpsicologictena.com\\\/wp-content\\\/uploads\\\/2021\\\/04\\\/logo-gabinet-psicologic-tena-no-ok-rectangular2.png\",\"width\":500,\"height\":197,\"caption\":\"Gabinet Psicol\u00f2gic Tena\"},\"image\":{\"@id\":\"https:\\\/\\\/www.gabinetpsicologictena.com\\\/#\\\/schema\\\/logo\\\/image\\\/\"}}]}<\/script>\n<!-- \/ Yoast SEO plugin. -->","yoast_head_json":{"title":"Psiquiatra en Esplugues de Llobregat | Evaluaci\u00f3n y tratamiento","description":"Evaluaci\u00f3n cl\u00ednica, diagn\u00f3stico y tratamiento de trastornos mentales con enfoque m\u00e9dico especializado.","robots":{"index":"index","follow":"follow","max-snippet":"max-snippet:-1","max-image-preview":"max-image-preview:large","max-video-preview":"max-video-preview:-1"},"canonical":"https:\/\/www.gabinetpsicologictena.com\/tractaments-de-gabinet-psicologic-tena\/psiquiatre-esplugues-llobregat\/","og_locale":"es_ES","og_type":"article","og_title":"Psiquiatra en Esplugues de Llobregat | Evaluaci\u00f3n y tratamiento","og_description":"Evaluaci\u00f3n cl\u00ednica, diagn\u00f3stico y tratamiento de trastornos mentales con enfoque m\u00e9dico especializado.","og_url":"https:\/\/www.gabinetpsicologictena.com\/tractaments-de-gabinet-psicologic-tena\/psiquiatre-esplugues-llobregat\/","og_site_name":"Gabinet Psicol\u00f2gic Tena","article_modified_time":"2026-04-10T10:23:04+00:00","twitter_card":"summary_large_image","twitter_misc":{"Tiempo de lectura":"2 minutos"},"schema":{"@context":"https:\/\/schema.org","@graph":[{"@type":"WebPage","@id":"https:\/\/www.gabinetpsicologictena.com\/tractaments-de-gabinet-psicologic-tena\/psiquiatre-esplugues-llobregat\/","url":"https:\/\/www.gabinetpsicologictena.com\/tractaments-de-gabinet-psicologic-tena\/psiquiatre-esplugues-llobregat\/","name":"Psiquiatra en Esplugues de Llobregat | Evaluaci\u00f3n y tratamiento","isPartOf":{"@id":"https:\/\/www.gabinetpsicologictena.com\/#website"},"datePublished":"2023-09-12T22:26:48+00:00","dateModified":"2026-04-10T10:23:04+00:00","description":"Evaluaci\u00f3n cl\u00ednica, diagn\u00f3stico y tratamiento de trastornos mentales con enfoque m\u00e9dico especializado.","breadcrumb":{"@id":"https:\/\/www.gabinetpsicologictena.com\/tractaments-de-gabinet-psicologic-tena\/psiquiatre-esplugues-llobregat\/#breadcrumb"},"inLanguage":"es","potentialAction":[{"@type":"ReadAction","target":["https:\/\/www.gabinetpsicologictena.com\/tractaments-de-gabinet-psicologic-tena\/psiquiatre-esplugues-llobregat\/"]}]},{"@type":"BreadcrumbList","@id":"https:\/\/www.gabinetpsicologictena.com\/tractaments-de-gabinet-psicologic-tena\/psiquiatre-esplugues-llobregat\/#breadcrumb","itemListElement":[{"@type":"ListItem","position":1,"name":"Tratamientos","item":"https:\/\/www.gabinetpsicologictena.com\/es\/tratamientos-de-gabinet-psicologic-tena\/"},{"@type":"ListItem","position":2,"name":"Psiquiatr\u00eda adultos, infantil y juvenil"}]},{"@type":"WebSite","@id":"https:\/\/www.gabinetpsicologictena.com\/#website","url":"https:\/\/www.gabinetpsicologictena.com\/","name":"Gabinet Psicol\u00f2gic Tena","description":"Centre Psicol\u00f2gic a Esplugues de Llobregat","publisher":{"@id":"https:\/\/www.gabinetpsicologictena.com\/#organization"},"potentialAction":[{"@type":"SearchAction","target":{"@type":"EntryPoint","urlTemplate":"https:\/\/www.gabinetpsicologictena.com\/?s={search_term_string}"},"query-input":{"@type":"PropertyValueSpecification","valueRequired":true,"valueName":"search_term_string"}}],"inLanguage":"es"},{"@type":"Organization","@id":"https:\/\/www.gabinetpsicologictena.com\/#organization","name":"Gabinet Psicol\u00f2gic Tena","url":"https:\/\/www.gabinetpsicologictena.com\/","logo":{"@type":"ImageObject","inLanguage":"es","@id":"https:\/\/www.gabinetpsicologictena.com\/#\/schema\/logo\/image\/","url":"https:\/\/www.gabinetpsicologictena.com\/wp-content\/uploads\/2021\/04\/logo-gabinet-psicologic-tena-no-ok-rectangular2.png","contentUrl":"https:\/\/www.gabinetpsicologictena.com\/wp-content\/uploads\/2021\/04\/logo-gabinet-psicologic-tena-no-ok-rectangular2.png","width":500,"height":197,"caption":"Gabinet Psicol\u00f2gic Tena"},"image":{"@id":"https:\/\/www.gabinetpsicologictena.com\/#\/schema\/logo\/image\/"}}]}},"_links":{"self":[{"href":"https:\/\/www.gabinetpsicologictena.com\/es\/wp-json\/wp\/v2\/pages\/6503","targetHints":{"allow":["GET"]}}],"collection":[{"href":"https:\/\/www.gabinetpsicologictena.com\/es\/wp-json\/wp\/v2\/pages"}],"about":[{"href":"https:\/\/www.gabinetpsicologictena.com\/es\/wp-json\/wp\/v2\/types\/page"}],"author":[{"embeddable":true,"href":"https:\/\/www.gabinetpsicologictena.com\/es\/wp-json\/wp\/v2\/users\/4"}],"replies":[{"embeddable":true,"href":"https:\/\/www.gabinetpsicologictena.com\/es\/wp-json\/wp\/v2\/comments?post=6503"}],"version-history":[{"count":6,"href":"https:\/\/www.gabinetpsicologictena.com\/es\/wp-json\/wp\/v2\/pages\/6503\/revisions"}],"predecessor-version":[{"id":15068,"href":"https:\/\/www.gabinetpsicologictena.com\/es\/wp-json\/wp\/v2\/pages\/6503\/revisions\/15068"}],"up":[{"embeddable":true,"href":"https:\/\/www.gabinetpsicologictena.com\/es\/wp-json\/wp\/v2\/pages\/6491"}],"wp:attachment":[{"href":"https:\/\/www.gabinetpsicologictena.com\/es\/wp-json\/wp\/v2\/media?parent=6503"}],"curies":[{"name":"wp","href":"https:\/\/api.w.org\/{rel}","templated":true}]}}