{"id":6491,"date":"2021-03-13T08:39:17","date_gmt":"2021-03-13T08:39:17","guid":{"rendered":"http:\/\/tena.flybcndesign.com\/tractaments\/"},"modified":"2025-07-04T10:18:15","modified_gmt":"2025-07-04T10:18:15","slug":"tratamientos-de-gabinet-psicologic-tena","status":"publish","type":"page","link":"https:\/\/www.gabinetpsicologictena.com\/es\/tratamientos-de-gabinet-psicologic-tena\/","title":{"rendered":"Tratamientos"},"content":{"rendered":"<p>[vc_row disable_element=\u00bbyes\u00bb][vc_column][vc_column_text css=\u00bb.vc_custom_1751624268973{margin-bottom: 50px !important;}\u00bb]<\/p>\n<h1 class=\"section-title-dark-background\" style=\"text-align: center;\">Tratamientos psicol\u00f3gicos en Esplugues de Llobregat para todas las etapas de la vida<\/h1>\n<p>[\/vc_column_text]<h2 class=\"box-header\">Los tratamientos del Gabinet Psicol\u00f2gic Tena<\/h2>[\/vc_column][\/vc_row][vc_row css=\u00bb.vc_custom_1706485880191{margin-top: 30px !important;margin-bottom: 50px !important;}\u00bb][vc_column]<ul class=\"mc-gallery gallery-4-columns dm_simple\"><li class=\"gallery-box gallery-box-1 hover-icons-off\" id=\"gallery-item-psicologia-clinica-adultos-esplugues\"><span class=\"mc-preloader\"><\/span><img loading=\"lazy\" decoding=\"async\" width=\"285\" height=\"190\" src=\"https:\/\/www.gabinetpsicologictena.com\/wp-content\/uploads\/2024\/01\/psicologos-trastornos-estado-animo-285x190.webp\" class=\"mc-preload wp-post-image\" alt=\"Psicolog\u00eda cl\u00ednica adultos\" title=\"\" srcset=\"https:\/\/www.gabinetpsicologictena.com\/wp-content\/uploads\/2024\/01\/psicologos-trastornos-estado-animo-285x190.webp 285w, https:\/\/www.gabinetpsicologictena.com\/wp-content\/uploads\/2024\/01\/psicologos-trastornos-estado-animo-670x446.webp 670w, https:\/\/www.gabinetpsicologictena.com\/wp-content\/uploads\/2024\/01\/psicologos-trastornos-estado-animo-600x400.webp 600w, https:\/\/www.gabinetpsicologictena.com\/wp-content\/uploads\/2024\/01\/psicologos-trastornos-estado-animo-480x320.webp 480w, https:\/\/www.gabinetpsicologictena.com\/wp-content\/uploads\/2024\/01\/psicologos-trastornos-estado-animo-390x260.webp 390w\" sizes=\"auto, (max-width: 285px) 100vw, 285px\" \/>\n\t\t\t\t\t\t<div class=\"description\">\n\t\t\t\t\t\t\t<h4>Psicolog\u00eda cl\u00ednica adultos<\/h4>\n\t\t\t\t\t\t\t<h5><\/h5>\n\t\t\t\t\t\t<\/div>\n\t\t\t\t\t\t<ul class=\"controls\"><li><a href=\"https:\/\/www.gabinetpsicologictena.com\/es\/tratamientos-de-gabinet-psicologic-tena\/psicologia-clinica-adultos-esplugues-llobregat\/\" class=\"template-plus-2 fancybox-url open-url-lightbox\" rel=\"mcgallery\"><\/a>\n\t\t\t\t\t<\/li><\/ul><\/li><li class=\"gallery-box gallery-box-2 hover-icons-off\" id=\"gallery-item-psicologia-infantil-juvenil-esplugues\"><span class=\"mc-preloader\"><\/span><img loading=\"lazy\" decoding=\"async\" width=\"285\" height=\"190\" src=\"https:\/\/www.gabinetpsicologictena.com\/wp-content\/uploads\/2024\/01\/psicologos-infantil-juvenil-baja-autoestima-285x190.webp\" class=\"mc-preload wp-post-image\" alt=\"Psicolog\u00eda cl\u00ednica infantil y juvenil\" title=\"\" srcset=\"https:\/\/www.gabinetpsicologictena.com\/wp-content\/uploads\/2024\/01\/psicologos-infantil-juvenil-baja-autoestima-285x190.webp 285w, https:\/\/www.gabinetpsicologictena.com\/wp-content\/uploads\/2024\/01\/psicologos-infantil-juvenil-baja-autoestima-670x446.webp 670w, https:\/\/www.gabinetpsicologictena.com\/wp-content\/uploads\/2024\/01\/psicologos-infantil-juvenil-baja-autoestima-600x400.webp 600w, https:\/\/www.gabinetpsicologictena.com\/wp-content\/uploads\/2024\/01\/psicologos-infantil-juvenil-baja-autoestima-480x320.webp 480w, https:\/\/www.gabinetpsicologictena.com\/wp-content\/uploads\/2024\/01\/psicologos-infantil-juvenil-baja-autoestima-390x260.webp 390w\" sizes=\"auto, (max-width: 285px) 100vw, 285px\" \/>\n\t\t\t\t\t\t<div class=\"description\">\n\t\t\t\t\t\t\t<h4>Psicolog\u00eda cl\u00ednica infantil y juvenil<\/h4>\n\t\t\t\t\t\t\t<h5><\/h5>\n\t\t\t\t\t\t<\/div>\n\t\t\t\t\t\t<ul class=\"controls\"><li><a href=\"https:\/\/www.gabinetpsicologictena.com\/es\/tratamientos-de-gabinet-psicologic-tena\/psicologia-clinica-infantil-juvenil-esplugues-llobregat\/\" class=\"template-plus-2 fancybox-url open-url-lightbox\" rel=\"mcgallery\"><\/a>\n\t\t\t\t\t<\/li><\/ul><\/li><li class=\"gallery-box gallery-box-3 hover-icons-off\" id=\"gallery-item-psicopedagogia-esplugues\"><span class=\"mc-preloader\"><\/span><img loading=\"lazy\" decoding=\"async\" width=\"285\" height=\"190\" src=\"https:\/\/www.gabinetpsicologictena.com\/wp-content\/uploads\/2024\/01\/psicologos-psicopedagogia-285x190.webp\" class=\"mc-preload wp-post-image\" alt=\"Psicopedagog\u00eda y refuerzo escolar\" title=\"\" srcset=\"https:\/\/www.gabinetpsicologictena.com\/wp-content\/uploads\/2024\/01\/psicologos-psicopedagogia-285x190.webp 285w, https:\/\/www.gabinetpsicologictena.com\/wp-content\/uploads\/2024\/01\/psicologos-psicopedagogia-670x446.webp 670w, https:\/\/www.gabinetpsicologictena.com\/wp-content\/uploads\/2024\/01\/psicologos-psicopedagogia-600x400.webp 600w, https:\/\/www.gabinetpsicologictena.com\/wp-content\/uploads\/2024\/01\/psicologos-psicopedagogia-480x320.webp 480w, https:\/\/www.gabinetpsicologictena.com\/wp-content\/uploads\/2024\/01\/psicologos-psicopedagogia-390x260.webp 390w\" sizes=\"auto, (max-width: 285px) 100vw, 285px\" \/>\n\t\t\t\t\t\t<div class=\"description\">\n\t\t\t\t\t\t\t<h4>Psicopedagog\u00eda y refuerzo escolar<\/h4>\n\t\t\t\t\t\t\t<h5><\/h5>\n\t\t\t\t\t\t<\/div>\n\t\t\t\t\t\t<ul class=\"controls\"><li><a href=\"https:\/\/www.gabinetpsicologictena.com\/es\/tratamientos-de-gabinet-psicologic-tena\/psicopedagogia-refuerzo-escolar-esplugues-llobregat\/\" class=\"template-plus-2 fancybox-url open-url-lightbox\" rel=\"mcgallery\"><\/a>\n\t\t\t\t\t<\/li><\/ul><\/li><li class=\"gallery-box gallery-box-4 hover-icons-off\" id=\"gallery-item-orientacion-academica-profesional\"><span class=\"mc-preloader\"><\/span><img loading=\"lazy\" decoding=\"async\" width=\"285\" height=\"190\" src=\"https:\/\/www.gabinetpsicologictena.com\/wp-content\/uploads\/2024\/01\/psicologos-servicio-orientacion-academica-profesional-285x190.webp\" class=\"mc-preload wp-post-image\" alt=\"SOAP \u2013 Servicio de orientaci\u00f3n acad\u00e9mica y profesional\" title=\"\" srcset=\"https:\/\/www.gabinetpsicologictena.com\/wp-content\/uploads\/2024\/01\/psicologos-servicio-orientacion-academica-profesional-285x190.webp 285w, https:\/\/www.gabinetpsicologictena.com\/wp-content\/uploads\/2024\/01\/psicologos-servicio-orientacion-academica-profesional-670x446.webp 670w, https:\/\/www.gabinetpsicologictena.com\/wp-content\/uploads\/2024\/01\/psicologos-servicio-orientacion-academica-profesional-600x400.webp 600w, https:\/\/www.gabinetpsicologictena.com\/wp-content\/uploads\/2024\/01\/psicologos-servicio-orientacion-academica-profesional-480x320.webp 480w, https:\/\/www.gabinetpsicologictena.com\/wp-content\/uploads\/2024\/01\/psicologos-servicio-orientacion-academica-profesional-390x260.webp 390w\" sizes=\"auto, (max-width: 285px) 100vw, 285px\" \/>\n\t\t\t\t\t\t<div class=\"description\">\n\t\t\t\t\t\t\t<h4>SOAP \u2013 Servicio de orientaci\u00f3n acad\u00e9mica y profesional<\/h4>\n\t\t\t\t\t\t\t<h5><\/h5>\n\t\t\t\t\t\t<\/div>\n\t\t\t\t\t\t<ul class=\"controls\"><li><a href=\"https:\/\/www.gabinetpsicologictena.com\/es\/tratamientos-de-gabinet-psicologic-tena\/orientacio-academica-professional-soap-esplugues\/\" class=\"template-plus-2 fancybox-url open-url-lightbox\" rel=\"mcgallery\"><\/a>\n\t\t\t\t\t<\/li><\/ul><\/li><li class=\"gallery-box gallery-box-5 hover-icons-off\" id=\"gallery-item-psicodiagnostico-psicologico\"><span class=\"mc-preloader\"><\/span><img loading=\"lazy\" decoding=\"async\" width=\"285\" height=\"190\" src=\"https:\/\/www.gabinetpsicologictena.com\/wp-content\/uploads\/2024\/01\/psicologos-psicodiagnostico-285x190.webp\" class=\"mc-preload wp-post-image\" alt=\"Psicodiagn\u00f3stico\" title=\"\" srcset=\"https:\/\/www.gabinetpsicologictena.com\/wp-content\/uploads\/2024\/01\/psicologos-psicodiagnostico-285x190.webp 285w, https:\/\/www.gabinetpsicologictena.com\/wp-content\/uploads\/2024\/01\/psicologos-psicodiagnostico-670x446.webp 670w, https:\/\/www.gabinetpsicologictena.com\/wp-content\/uploads\/2024\/01\/psicologos-psicodiagnostico-600x400.webp 600w, https:\/\/www.gabinetpsicologictena.com\/wp-content\/uploads\/2024\/01\/psicologos-psicodiagnostico-480x320.webp 480w, https:\/\/www.gabinetpsicologictena.com\/wp-content\/uploads\/2024\/01\/psicologos-psicodiagnostico-390x260.webp 390w\" sizes=\"auto, (max-width: 285px) 100vw, 285px\" \/>\n\t\t\t\t\t\t<div class=\"description\">\n\t\t\t\t\t\t\t<h4>Psicodiagn\u00f3stico<\/h4>\n\t\t\t\t\t\t\t<h5><\/h5>\n\t\t\t\t\t\t<\/div>\n\t\t\t\t\t\t<ul class=\"controls\"><li><a href=\"https:\/\/www.gabinetpsicologictena.com\/es\/tratamientos\/psicodiagnostico\/\" class=\"template-plus-2 fancybox-url open-url-lightbox\" rel=\"mcgallery\"><\/a>\n\t\t\t\t\t<\/li><\/ul><\/li><li class=\"gallery-box gallery-box-6 hover-icons-off\" id=\"gallery-item-psiquiatra-esplugues\"><span class=\"mc-preloader\"><\/span><img loading=\"lazy\" decoding=\"async\" width=\"285\" height=\"190\" src=\"https:\/\/www.gabinetpsicologictena.com\/wp-content\/uploads\/2024\/01\/psicologos-psiquiatria-adultos-285x190.webp\" class=\"mc-preload wp-post-image\" alt=\"Psiquiatr\u00eda adultos, infantil y juvenil\" title=\"\" srcset=\"https:\/\/www.gabinetpsicologictena.com\/wp-content\/uploads\/2024\/01\/psicologos-psiquiatria-adultos-285x190.webp 285w, https:\/\/www.gabinetpsicologictena.com\/wp-content\/uploads\/2024\/01\/psicologos-psiquiatria-adultos-670x446.webp 670w, https:\/\/www.gabinetpsicologictena.com\/wp-content\/uploads\/2024\/01\/psicologos-psiquiatria-adultos-600x400.webp 600w, https:\/\/www.gabinetpsicologictena.com\/wp-content\/uploads\/2024\/01\/psicologos-psiquiatria-adultos-480x320.webp 480w, https:\/\/www.gabinetpsicologictena.com\/wp-content\/uploads\/2024\/01\/psicologos-psiquiatria-adultos-390x260.webp 390w\" sizes=\"auto, (max-width: 285px) 100vw, 285px\" \/>\n\t\t\t\t\t\t<div class=\"description\">\n\t\t\t\t\t\t\t<h4>Psiquiatr\u00eda adultos, infantil y juvenil<\/h4>\n\t\t\t\t\t\t\t<h5><\/h5>\n\t\t\t\t\t\t<\/div>\n\t\t\t\t\t\t<ul class=\"controls\"><li><a href=\"https:\/\/www.gabinetpsicologictena.com\/es\/tratamientos-de-gabinet-psicologic-tena\/psiquiatria-adultos-infantil-juvenil-esplugues-llobregat\/\" class=\"template-plus-2 fancybox-url open-url-lightbox\" rel=\"mcgallery\"><\/a>\n\t\t\t\t\t<\/li><\/ul><\/li><li class=\"gallery-box gallery-box-7 hover-icons-off\" id=\"gallery-item-peritaje-psicologico-judicial\"><span class=\"mc-preloader\"><\/span><img loading=\"lazy\" decoding=\"async\" width=\"285\" height=\"190\" src=\"https:\/\/www.gabinetpsicologictena.com\/wp-content\/uploads\/2024\/01\/psicologos-peritaje-judicial-285x190.webp\" class=\"mc-preload wp-post-image\" alt=\"Peritajes \u00e1mbito judicial\" title=\"\" srcset=\"https:\/\/www.gabinetpsicologictena.com\/wp-content\/uploads\/2024\/01\/psicologos-peritaje-judicial-285x190.webp 285w, https:\/\/www.gabinetpsicologictena.com\/wp-content\/uploads\/2024\/01\/psicologos-peritaje-judicial-670x446.webp 670w, https:\/\/www.gabinetpsicologictena.com\/wp-content\/uploads\/2024\/01\/psicologos-peritaje-judicial-600x400.webp 600w, https:\/\/www.gabinetpsicologictena.com\/wp-content\/uploads\/2024\/01\/psicologos-peritaje-judicial-480x320.webp 480w, https:\/\/www.gabinetpsicologictena.com\/wp-content\/uploads\/2024\/01\/psicologos-peritaje-judicial-390x260.webp 390w\" sizes=\"auto, (max-width: 285px) 100vw, 285px\" \/>\n\t\t\t\t\t\t<div class=\"description\">\n\t\t\t\t\t\t\t<h4>Peritajes \u00e1mbito judicial<\/h4>\n\t\t\t\t\t\t\t<h5><\/h5>\n\t\t\t\t\t\t<\/div>\n\t\t\t\t\t\t<ul class=\"controls\"><li><a href=\"https:\/\/www.gabinetpsicologictena.com\/es\/tratamientos-de-gabinet-psicologic-tena\/peritajes-psicologicos-judiciales-esplugues-llobregat\/\" class=\"template-plus-2 fancybox-url open-url-lightbox\" rel=\"mcgallery\"><\/a>\n\t\t\t\t\t<\/li><\/ul><\/li><li class=\"gallery-box gallery-box-8 hover-icons-off\" id=\"gallery-item-logopeda-esplugues\"><span class=\"mc-preloader\"><\/span><img loading=\"lazy\" decoding=\"async\" width=\"285\" height=\"190\" src=\"https:\/\/www.gabinetpsicologictena.com\/wp-content\/uploads\/2023\/08\/logopedia-285x190.webp\" class=\"mc-preload wp-post-image\" alt=\"Logopedia\" title=\"\" srcset=\"https:\/\/www.gabinetpsicologictena.com\/wp-content\/uploads\/2023\/08\/logopedia-285x190.webp 285w, https:\/\/www.gabinetpsicologictena.com\/wp-content\/uploads\/2023\/08\/logopedia-670x446.webp 670w, https:\/\/www.gabinetpsicologictena.com\/wp-content\/uploads\/2023\/08\/logopedia-600x400.webp 600w, https:\/\/www.gabinetpsicologictena.com\/wp-content\/uploads\/2023\/08\/logopedia-480x320.webp 480w, https:\/\/www.gabinetpsicologictena.com\/wp-content\/uploads\/2023\/08\/logopedia-390x260.webp 390w\" sizes=\"auto, (max-width: 285px) 100vw, 285px\" \/>\n\t\t\t\t\t\t<div class=\"description\">\n\t\t\t\t\t\t\t<h4>Logopedia<\/h4>\n\t\t\t\t\t\t\t<h5><\/h5>\n\t\t\t\t\t\t<\/div>\n\t\t\t\t\t\t<ul class=\"controls\"><li><a href=\"https:\/\/www.gabinetpsicologictena.com\/es\/tratamientos-de-gabinet-psicologic-tena\/logopedia\/\" class=\"template-plus-2 fancybox-url open-url-lightbox\" rel=\"mcgallery\"><\/a>\n\t\t\t\t\t<\/li><\/ul><\/li><li class=\"gallery-box gallery-box-9 hover-icons-off\" id=\"gallery-item-psicologo-a-domicilio-esplugues\"><span class=\"mc-preloader\"><\/span><img loading=\"lazy\" decoding=\"async\" width=\"285\" height=\"190\" src=\"https:\/\/www.gabinetpsicologictena.com\/wp-content\/uploads\/2024\/01\/psicologos-terapia-a-domicilio-285x190.webp\" class=\"mc-preload wp-post-image\" alt=\"Terapia a domicilio\" title=\"\" srcset=\"https:\/\/www.gabinetpsicologictena.com\/wp-content\/uploads\/2024\/01\/psicologos-terapia-a-domicilio-285x190.webp 285w, https:\/\/www.gabinetpsicologictena.com\/wp-content\/uploads\/2024\/01\/psicologos-terapia-a-domicilio-670x446.webp 670w, https:\/\/www.gabinetpsicologictena.com\/wp-content\/uploads\/2024\/01\/psicologos-terapia-a-domicilio-600x400.webp 600w, https:\/\/www.gabinetpsicologictena.com\/wp-content\/uploads\/2024\/01\/psicologos-terapia-a-domicilio-480x320.webp 480w, https:\/\/www.gabinetpsicologictena.com\/wp-content\/uploads\/2024\/01\/psicologos-terapia-a-domicilio-390x260.webp 390w\" sizes=\"auto, (max-width: 285px) 100vw, 285px\" \/>\n\t\t\t\t\t\t<div class=\"description\">\n\t\t\t\t\t\t\t<h4>Terapia a domicilio<\/h4>\n\t\t\t\t\t\t\t<h5><\/h5>\n\t\t\t\t\t\t<\/div>\n\t\t\t\t\t\t<ul class=\"controls\"><li><a href=\"https:\/\/www.gabinetpsicologictena.com\/es\/tratamientos-de-gabinet-psicologic-tena\/psicologo-a-domicilio-esplugues\/\" class=\"template-plus-2 fancybox-url open-url-lightbox\" rel=\"mcgallery\"><\/a>\n\t\t\t\t\t<\/li><\/ul><\/li><\/ul>[\/vc_column][\/vc_row]<\/p>\n","protected":false},"excerpt":{"rendered":"<p>[vc_row disable_element=\u00bbyes\u00bb][vc_column][vc_column_text css=\u00bb.vc_custom_1751624268973{margin-bottom: 50px !important;}\u00bb] Tratamientos psicol\u00f3gicos en Esplugues de Llobregat para todas las etapas de la vida [\/vc_column_text][\/vc_column][\/vc_row][vc_row css=\u00bb.vc_custom_1706485880191{margin-top: 30px !important;margin-bottom: 50px !important;}\u00bb][vc_column][\/vc_column][\/vc_row]<\/p>\n","protected":false},"author":4,"featured_media":0,"parent":0,"menu_order":0,"comment_status":"closed","ping_status":"closed","template":"","meta":{"footnotes":""},"class_list":["post-6491","page","type-page","status-publish","hentry"],"yoast_head":"<!-- This site is optimized with the Yoast SEO plugin v27.2 - https:\/\/yoast.com\/product\/yoast-seo-wordpress\/ -->\n<title>Tratamientos de Gabinet Psicol\u00f2gic Tena en Esplugues<\/title>\n<meta name=\"description\" content=\"Descubre los tratamientos Cl\u00ednica Psicol\u00f3gica en Esplugues. Servicios de psicolog\u00eda y psiquiatr\u00eda: ni\u00f1os, adolescentes, adultos y parejas.\" \/>\n<meta name=\"robots\" content=\"index, follow, max-snippet:-1, max-image-preview:large, max-video-preview:-1\" \/>\n<link rel=\"canonical\" href=\"https:\/\/www.gabinetpsicologictena.com\/es\/tratamientos-de-gabinet-psicologic-tena\/\" \/>\n<meta property=\"og:locale\" content=\"es_ES\" \/>\n<meta property=\"og:type\" content=\"article\" \/>\n<meta property=\"og:title\" content=\"Tratamientos de Gabinet Psicol\u00f2gic Tena en Esplugues\" \/>\n<meta property=\"og:description\" content=\"Descubre los tratamientos Cl\u00ednica Psicol\u00f3gica en Esplugues. Servicios de psicolog\u00eda y psiquiatr\u00eda: ni\u00f1os, adolescentes, adultos y parejas.\" \/>\n<meta property=\"og:url\" content=\"https:\/\/www.gabinetpsicologictena.com\/es\/tratamientos-de-gabinet-psicologic-tena\/\" \/>\n<meta property=\"og:site_name\" content=\"Gabinet Psicol\u00f2gic Tena\" \/>\n<meta property=\"article:modified_time\" content=\"2025-07-04T10:18:15+00:00\" \/>\n<meta name=\"twitter:card\" content=\"summary_large_image\" \/>\n<meta name=\"twitter:label1\" content=\"Tiempo de lectura\" \/>\n\t<meta name=\"twitter:data1\" content=\"1 minuto\" \/>\n<script type=\"application\/ld+json\" class=\"yoast-schema-graph\">{\"@context\":\"https:\/\/schema.org\",\"@graph\":[{\"@type\":\"WebPage\",\"@id\":\"https:\/\/www.gabinetpsicologictena.com\/es\/tratamientos-de-gabinet-psicologic-tena\/\",\"url\":\"https:\/\/www.gabinetpsicologictena.com\/es\/tratamientos-de-gabinet-psicologic-tena\/\",\"name\":\"Tratamientos de Gabinet Psicol\u00f2gic Tena en Esplugues\",\"isPartOf\":{\"@id\":\"https:\/\/www.gabinetpsicologictena.com\/#website\"},\"datePublished\":\"2021-03-13T08:39:17+00:00\",\"dateModified\":\"2025-07-04T10:18:15+00:00\",\"description\":\"Descubre los tratamientos Cl\u00ednica Psicol\u00f3gica en Esplugues. Servicios de psicolog\u00eda y psiquiatr\u00eda: ni\u00f1os, adolescentes, adultos y parejas.\",\"inLanguage\":\"es\",\"potentialAction\":[{\"@type\":\"ReadAction\",\"target\":[\"https:\/\/www.gabinetpsicologictena.com\/es\/tratamientos-de-gabinet-psicologic-tena\/\"]}]},{\"@type\":\"WebSite\",\"@id\":\"https:\/\/www.gabinetpsicologictena.com\/#website\",\"url\":\"https:\/\/www.gabinetpsicologictena.com\/\",\"name\":\"Gabinet Psicol\u00f2gic Tena\",\"description\":\"Centre Psicol\u00f2gic a Esplugues de Llobregat\",\"publisher\":{\"@id\":\"https:\/\/www.gabinetpsicologictena.com\/#organization\"},\"potentialAction\":[{\"@type\":\"SearchAction\",\"target\":{\"@type\":\"EntryPoint\",\"urlTemplate\":\"https:\/\/www.gabinetpsicologictena.com\/?s={search_term_string}\"},\"query-input\":{\"@type\":\"PropertyValueSpecification\",\"valueRequired\":true,\"valueName\":\"search_term_string\"}}],\"inLanguage\":\"es\"},{\"@type\":\"Organization\",\"@id\":\"https:\/\/www.gabinetpsicologictena.com\/#organization\",\"name\":\"Gabinet Psicol\u00f2gic Tena\",\"url\":\"https:\/\/www.gabinetpsicologictena.com\/\",\"logo\":{\"@type\":\"ImageObject\",\"inLanguage\":\"es\",\"@id\":\"https:\/\/www.gabinetpsicologictena.com\/#\/schema\/logo\/image\/\",\"url\":\"https:\/\/www.gabinetpsicologictena.com\/wp-content\/uploads\/2021\/04\/logo-gabinet-psicologic-tena-no-ok-rectangular2.png\",\"contentUrl\":\"https:\/\/www.gabinetpsicologictena.com\/wp-content\/uploads\/2021\/04\/logo-gabinet-psicologic-tena-no-ok-rectangular2.png\",\"width\":500,\"height\":197,\"caption\":\"Gabinet Psicol\u00f2gic Tena\"},\"image\":{\"@id\":\"https:\/\/www.gabinetpsicologictena.com\/#\/schema\/logo\/image\/\"}}]}<\/script>\n<!-- \/ Yoast SEO plugin. -->","yoast_head_json":{"title":"Tratamientos de Gabinet Psicol\u00f2gic Tena en Esplugues","description":"Descubre los tratamientos Cl\u00ednica Psicol\u00f3gica en Esplugues. Servicios de psicolog\u00eda y psiquiatr\u00eda: ni\u00f1os, adolescentes, adultos y parejas.","robots":{"index":"index","follow":"follow","max-snippet":"max-snippet:-1","max-image-preview":"max-image-preview:large","max-video-preview":"max-video-preview:-1"},"canonical":"https:\/\/www.gabinetpsicologictena.com\/es\/tratamientos-de-gabinet-psicologic-tena\/","og_locale":"es_ES","og_type":"article","og_title":"Tratamientos de Gabinet Psicol\u00f2gic Tena en Esplugues","og_description":"Descubre los tratamientos Cl\u00ednica Psicol\u00f3gica en Esplugues. Servicios de psicolog\u00eda y psiquiatr\u00eda: ni\u00f1os, adolescentes, adultos y parejas.","og_url":"https:\/\/www.gabinetpsicologictena.com\/es\/tratamientos-de-gabinet-psicologic-tena\/","og_site_name":"Gabinet Psicol\u00f2gic Tena","article_modified_time":"2025-07-04T10:18:15+00:00","twitter_card":"summary_large_image","twitter_misc":{"Tiempo de lectura":"1 minuto"},"schema":{"@context":"https:\/\/schema.org","@graph":[{"@type":"WebPage","@id":"https:\/\/www.gabinetpsicologictena.com\/es\/tratamientos-de-gabinet-psicologic-tena\/","url":"https:\/\/www.gabinetpsicologictena.com\/es\/tratamientos-de-gabinet-psicologic-tena\/","name":"Tratamientos de Gabinet Psicol\u00f2gic Tena en Esplugues","isPartOf":{"@id":"https:\/\/www.gabinetpsicologictena.com\/#website"},"datePublished":"2021-03-13T08:39:17+00:00","dateModified":"2025-07-04T10:18:15+00:00","description":"Descubre los tratamientos Cl\u00ednica Psicol\u00f3gica en Esplugues. Servicios de psicolog\u00eda y psiquiatr\u00eda: ni\u00f1os, adolescentes, adultos y parejas.","inLanguage":"es","potentialAction":[{"@type":"ReadAction","target":["https:\/\/www.gabinetpsicologictena.com\/es\/tratamientos-de-gabinet-psicologic-tena\/"]}]},{"@type":"WebSite","@id":"https:\/\/www.gabinetpsicologictena.com\/#website","url":"https:\/\/www.gabinetpsicologictena.com\/","name":"Gabinet Psicol\u00f2gic Tena","description":"Centre Psicol\u00f2gic a Esplugues de Llobregat","publisher":{"@id":"https:\/\/www.gabinetpsicologictena.com\/#organization"},"potentialAction":[{"@type":"SearchAction","target":{"@type":"EntryPoint","urlTemplate":"https:\/\/www.gabinetpsicologictena.com\/?s={search_term_string}"},"query-input":{"@type":"PropertyValueSpecification","valueRequired":true,"valueName":"search_term_string"}}],"inLanguage":"es"},{"@type":"Organization","@id":"https:\/\/www.gabinetpsicologictena.com\/#organization","name":"Gabinet Psicol\u00f2gic Tena","url":"https:\/\/www.gabinetpsicologictena.com\/","logo":{"@type":"ImageObject","inLanguage":"es","@id":"https:\/\/www.gabinetpsicologictena.com\/#\/schema\/logo\/image\/","url":"https:\/\/www.gabinetpsicologictena.com\/wp-content\/uploads\/2021\/04\/logo-gabinet-psicologic-tena-no-ok-rectangular2.png","contentUrl":"https:\/\/www.gabinetpsicologictena.com\/wp-content\/uploads\/2021\/04\/logo-gabinet-psicologic-tena-no-ok-rectangular2.png","width":500,"height":197,"caption":"Gabinet Psicol\u00f2gic Tena"},"image":{"@id":"https:\/\/www.gabinetpsicologictena.com\/#\/schema\/logo\/image\/"}}]}},"_links":{"self":[{"href":"https:\/\/www.gabinetpsicologictena.com\/es\/wp-json\/wp\/v2\/pages\/6491","targetHints":{"allow":["GET"]}}],"collection":[{"href":"https:\/\/www.gabinetpsicologictena.com\/es\/wp-json\/wp\/v2\/pages"}],"about":[{"href":"https:\/\/www.gabinetpsicologictena.com\/es\/wp-json\/wp\/v2\/types\/page"}],"author":[{"embeddable":true,"href":"https:\/\/www.gabinetpsicologictena.com\/es\/wp-json\/wp\/v2\/users\/4"}],"replies":[{"embeddable":true,"href":"https:\/\/www.gabinetpsicologictena.com\/es\/wp-json\/wp\/v2\/comments?post=6491"}],"version-history":[{"count":3,"href":"https:\/\/www.gabinetpsicologictena.com\/es\/wp-json\/wp\/v2\/pages\/6491\/revisions"}],"predecessor-version":[{"id":12017,"href":"https:\/\/www.gabinetpsicologictena.com\/es\/wp-json\/wp\/v2\/pages\/6491\/revisions\/12017"}],"wp:attachment":[{"href":"https:\/\/www.gabinetpsicologictena.com\/es\/wp-json\/wp\/v2\/media?parent=6491"}],"curies":[{"name":"wp","href":"https:\/\/api.w.org\/{rel}","templated":true}]}}