{"id":6387,"date":"2024-01-18T23:11:18","date_gmt":"2024-01-18T23:11:18","guid":{"rendered":"http:\/\/tena.flybcndesign.com\/metode\/"},"modified":"2025-07-04T10:01:08","modified_gmt":"2025-07-04T10:01:08","slug":"metodo-terapeutico-psicologico-esplugues","status":"publish","type":"page","link":"https:\/\/www.gabinetpsicologictena.com\/es\/metodo-terapeutico-psicologico-esplugues\/","title":{"rendered":"M\u00e9todo"},"content":{"rendered":"<p>[vc_row css=\u00bb.vc_custom_1636830687644{margin-top: 30px !important;margin-bottom: 20px !important;}\u00bb][vc_column width=\u00bb1\/2&#8243;][vc_single_image image=\u00bb5991&#8243; img_size=\u00bblarge\u00bb alignment=\u00bbcenter\u00bb][\/vc_column][vc_column width=\u00bb1\/2&#8243;][vc_row_inner css=\u00bb.vc_custom_1706427525457{margin-bottom: 20px !important;}\u00bb][vc_column_inner]<h2 class=\"box-header\">El abordaje terap\u00e9utico del equipo del Gabinete Psicol\u00f3gico Tena<\/h2>[\/vc_column_inner][\/vc_row_inner][vc_row_inner][vc_column_inner][vc_column_text]En el centro Gabinet Psicolo\u0300gic Tena trabajamos mediante la metodologi\u0301a cognitivo conductual integradora. Se trata de un tipo de terapia que mezcla la terapia cognitiva y conductual con lo mejor de otros enfoques, como el humanista- existencial, la psicologi\u0301a evolutiva, la neurociencia y la terapia dial\u00e9ctico conductual. De ese modo, os podemos ofrecer una atencio\u0301n personalizada y adaptada a vuestras necesidades y a vuestra forma de ser, aprovechando lo que os puede aportar cada orientacio\u0301n terape\u0301utica.[\/vc_column_text][\/vc_column_inner][\/vc_row_inner][\/vc_column][\/vc_row][vc_row css=\u00bb.vc_custom_1706571099166{margin-bottom: 30px !important;}\u00bb][vc_column][vc_row_inner css=\u00bb.vc_custom_1707177394811{margin-bottom: 20px !important;}\u00bb][vc_column_inner]<h2 class=\"box-header\">Introducci\u00f3n al enfoque Cognitivo Conductual Integrador<\/h2>[\/vc_column_inner][\/vc_row_inner][vc_row_inner][vc_column_inner][vc_column_text]La terapia cognitiva y conductual, es una terapia que se basa en que vuestros pensamientos, emociones y conductas esta\u0301n relacionados, y que se pueden cambiar mediante el aprendizaje y el entrenamiento de las habilidades. Es una terapia que utiliza una metodologi\u0301a cienti\u0301fica y empi\u0301rica, que evalu\u0301a los resultados y se ajusta a tus objetivos. Adema\u0301s, suele aplicarse a muchos problemas psicolo\u0301gicos, como son la ansiedad, la depresio\u0301n, los trastornos de personalidad, las adicciones &#8230;etc.[\/vc_column_text][\/vc_column_inner][\/vc_row_inner][\/vc_column][\/vc_row][vc_row css=\u00bb.vc_custom_1706571117143{margin-top: 30px !important;}\u00bb][vc_column][vc_row_inner css=\u00bb.vc_custom_1707177400473{margin-bottom: 20px !important;}\u00bb][vc_column_inner]<h2 class=\"box-header\">Fundamentos de la Terapia Cognitiva y Conductual<\/h2>[\/vc_column_inner][\/vc_row_inner][vc_row_inner][vc_column_inner][vc_column_text]La metodologi\u0301a cognitivo conductual integradora usa los elementos de la terapia cognitiva y conductual, pero tambie\u0301n los enriquece con otras perspectivas que ampli\u0301an el campo de accio\u0301n y la comprensio\u0301n. Por ejemplo, el enfoque humanista-existencial se centra en el sentido de la vida, los valores, las metas y la libertad, y te ayuda a desarrollar tu potencial y tu autoconocimiento. La neurociencia te da informacio\u0301n sobre el funcionamiento del cerebro, las bases biolo\u0301gicas de la conducta y las emociones, y las posibilidades de cambio. La psicologi\u0301a evolutiva explica el origen y la funcio\u0301n adaptativa de los comportamientos humanos, y co\u0301mo estos se ven influidos por el contexto y la cultura. La terapia diale\u0301ctico conductual es una modalidad de la terapia cognitiva y conductual que se enfoca en el manejo de las emociones, la tolerancia al malestar, la regulacio\u0301n de los impulsos y la mejora de las relaciones interpersonales.<\/p>\n<p>La metodologi\u0301a cognitivo conductual integradora busca ofrecerte una visio\u0301n holi\u0301stica e integradora, que tenga en cuenta tus aspectos cognitivos, conductuales, emocionales, fisiolo\u0301gicos, sociales y transpersonales. Asi\u0301, se busca facilitar el cambio terape\u0301utico, el bienestar y la calidad de vida, respetando tu singularidad y diversidad.<\/p>\n<p>Por otro lado, la terapia sigue un proceso desde el inicio hasta la finalizacio\u0301n de las terapias:[\/vc_column_text][\/vc_column_inner][\/vc_row_inner][\/vc_column][\/vc_row][vc_row css=\u00bb.vc_custom_1707177414936{margin-top: 30px !important;margin-bottom: 50px !important;}\u00bb][vc_column][vc_row_inner css=\u00bb.vc_custom_1707177405852{margin-bottom: 20px !important;}\u00bb][vc_column_inner]<h2 class=\"box-header\">El Proceso Terap\u00e9utico Paso a Paso<\/h2>[\/vc_column_inner][\/vc_row_inner][vc_row_inner][vc_column_inner][vc_column_text]<b>Primera Sesi\u00f3n: Evaluaci\u00f3n Inicial y Establecimiento de Confianza<\/b><\/p>\n<p>En la primera sesio\u0301n, se realiza una evaluacio\u0301n inicial del problema que te trae a consulta, tus antecedentes personales y familiares, tus expectativas y objetivos de la terapia, y tu estilo de personalidad. Se trata de conocerte mejor y establecer una relacio\u0301n de confianza y colaboracio\u0301n con el terapeuta. Tambie\u0301n se te explica en que\u0301 consiste la terapia, co\u0301mo se va a trabajar y que\u0301 compromisos se asumen.<\/p>\n<p><b>Segunda Sesi\u00f3n: Presentaci\u00f3n de Hip\u00f3tesis y Estrategias de Intervenci\u00f3n<\/b><\/p>\n<p>En la segunda sesio\u0301n, se te presenta una hipo\u0301tesis explicativa de tu problema, integrando los aspectos cognitivos, conductuales, emocionales, fisiolo\u0301gicos y sociales. Se trata de que comprendas co\u0301mo se ha originado y mantenido tu problema, y que\u0301 factores lo pueden modificar. Tambie\u0301n, se te plantean las posibles estrategias de intervencio\u0301n, adaptadas a tus necesidades y caracteri\u0301sticas, y se acuerdan las metas terape\u0301uticas a corto y largo plazo.<\/p>\n<p><b>Tercera Sesi\u00f3n: Inicio del Tratamiento y Desarrollo de Habilidades<\/b><\/p>\n<p>En la tercera sesio\u0301n, se inicia el tratamiento propiamente dicho, aplicando las te\u0301cnicas ma\u0301s adecuadas para tu caso. Se trata de que aprendas y practiques habilidades que te ayuden a cambiar tus pensamientos, emociones y conductas que te generan malestar, y que desarrolles tu potencial y tu autoconocimiento. Tambie\u0301n se te proponen tareas para casa, que te permitan consolidar lo aprendido en sesio\u0301n y avanzar hacia tus objetivos.<\/p>\n<p><b>Conclusi\u00f3n de la Terapia: Informe de Evoluci\u00f3n y Logros<\/b><\/p>\n<p>Al concluir las terapias, se te proporcionara\u0301 un informe de devolucio\u0301n que abordara\u0301 el problema tratado en las sesiones y la evolucio\u0301n que has experimentado durante las mismas.[\/vc_column_text][\/vc_column_inner][\/vc_row_inner][vc_row_inner][vc_column_inner][vc_column_text]Si est\u00e1s buscando un cambio positivo, o crees que necesitas ayuda, en el Gabinet Psicolo\u0300gic Tena estamos para guiarte y ayudarte.<\/p>\n<p>\u00a1Contacta y agenda tu primera cita con nosotros![\/vc_column_text][\/vc_column_inner][\/vc_row_inner][\/vc_column][\/vc_row][vc_row type=\u00bbfull-width\u00bb css=\u00bb.vc_custom_1636831338552{padding-top: 50px !important;padding-bottom: 30px !important;background-color: #79b738 !important;}\u00bb][vc_column][vc_row_inner][vc_column_inner width=\u00bb1\/3&#8243;]<div class=\"info-box features-chat info-box-call-to-action\"><h3>Demana cita<\/h3><p><\/p>\n<h3 style=\"text-align: center;\">Podem ajudar-te!<\/h3>\n<p><\/p><\/div>[\/vc_column_inner][vc_column_inner width=\u00bb2\/3&#8243;]\n<div class=\"wpcf7 no-js\" id=\"wpcf7-f4740-o1\" lang=\"ca\" dir=\"ltr\" data-wpcf7-id=\"4740\">\n<div class=\"screen-reader-response\"><p role=\"status\" aria-live=\"polite\" aria-atomic=\"true\"><\/p> <ul><\/ul><\/div>\n<form action=\"\/es\/wp-json\/wp\/v2\/pages\/6387#wpcf7-f4740-o1\" method=\"post\" class=\"wpcf7-form init\" aria-label=\"Formulari de contacte\" novalidate=\"novalidate\" data-status=\"init\">\n<fieldset class=\"hidden-fields-container\"><input type=\"hidden\" name=\"_wpcf7\" value=\"4740\" \/><input type=\"hidden\" name=\"_wpcf7_version\" value=\"6.1.5\" \/><input type=\"hidden\" name=\"_wpcf7_locale\" value=\"ca\" \/><input type=\"hidden\" name=\"_wpcf7_unit_tag\" value=\"wpcf7-f4740-o1\" \/><input type=\"hidden\" name=\"_wpcf7_container_post\" value=\"0\" \/><input type=\"hidden\" name=\"_wpcf7_posted_data_hash\" value=\"\" \/><input type=\"hidden\" name=\"_wpcf7_recaptcha_response\" value=\"\" \/>\n<\/fieldset>\n<div id=\"responsive-form\" class=\"clearfix\">\n\t<h4 class=\"titol-footer-form\"> ESCRIU-NOS\n\t<\/h4>\n\t<div class=\"form-row\">\n\t\t<div class=\"column-half\">\n\t\t\t<p><label> Nom <\/label><span class=\"wpcf7-form-control-wrap\" data-name=\"your-name\"><input size=\"40\" maxlength=\"400\" class=\"wpcf7-form-control wpcf7-text wpcf7-validates-as-required\" aria-required=\"true\" aria-invalid=\"false\" value=\"\" type=\"text\" name=\"your-name\" \/><\/span>\n\t\t\t<\/p>\n\t\t<\/div>\n\t\t<div class=\"column-half\">\n\t\t\t<p><label> Cognoms <\/label><span class=\"wpcf7-form-control-wrap\" data-name=\"cognoms\"><input size=\"40\" maxlength=\"400\" class=\"wpcf7-form-control wpcf7-text wpcf7-validates-as-required\" aria-required=\"true\" aria-invalid=\"false\" value=\"\" type=\"text\" name=\"cognoms\" \/><\/span>\n\t\t\t<\/p>\n\t\t<\/div>\n\t<\/div>\n\t<div class=\"form-row\">\n\t\t<div class=\"column-half\">\n\t\t\t<p><label> Tel\u00e8fon <\/label><span class=\"wpcf7-form-control-wrap\" data-name=\"telefon\"><input size=\"40\" maxlength=\"400\" class=\"wpcf7-form-control wpcf7-tel wpcf7-validates-as-required wpcf7-text wpcf7-validates-as-tel\" aria-required=\"true\" aria-invalid=\"false\" value=\"\" type=\"tel\" name=\"telefon\" \/><\/span>\n\t\t\t<\/p>\n\t\t<\/div>\n\t\t<div class=\"column-half\">\n\t\t\t<p><label> Email <\/label><span class=\"wpcf7-form-control-wrap\" data-name=\"your-email\"><input size=\"40\" maxlength=\"400\" class=\"wpcf7-form-control wpcf7-email wpcf7-validates-as-required wpcf7-text wpcf7-validates-as-email\" aria-required=\"true\" aria-invalid=\"false\" value=\"\" type=\"email\" name=\"your-email\" \/><\/span>\n\t\t\t<\/p>\n\t\t<\/div>\n\t<\/div>\n\t<div class=\"form-row\">\n\t\t<div class=\"column-full\">\n\t\t\t<p><label> Missatge <\/label><span class=\"wpcf7-form-control-wrap\" data-name=\"your-message\"><textarea cols=\"40\" rows=\"10\" maxlength=\"2000\" class=\"wpcf7-form-control wpcf7-textarea\" aria-invalid=\"false\" name=\"your-message\"><\/textarea><\/span>\n\t\t\t<\/p>\n\t\t<\/div>\n\t<\/div>\n\t<p><strong>Protecci\u00f3 de dades personals<\/strong><br \/>\nUtilitzarem les seves dades per respondre consultes i efectuar estudis estad\u00edstics. Per a m\u00e9s informaci\u00f3 sobre el tractament i els vostres drets, consulteu la <a href=\"https:\/\/www.gabinetpsicologictena.com\/politica-de-privacitat\/\" target=\"_blank\">pol\u00edtica de privacitat<\/a>.\n\t<\/p>\n\t<p><span class=\"wpcf7-form-control-wrap\" data-name=\"acceptance-953\"><span class=\"wpcf7-form-control wpcf7-acceptance\"><span class=\"wpcf7-list-item\"><input type=\"checkbox\" name=\"acceptance-953\" value=\"1\" aria-invalid=\"false\" \/><\/span><\/span><\/span> He llegit i accepto el <a href=\"https:\/\/www.gabinetpsicologictena.com\/consentiment-per-al-tractament-de-dades-personals\/\" target=\"_blank\">consentiment per al tractament de dades personals<\/a><br \/>\n\t<\/p>\n\t<div class=\"form-row\">\n\t\t<div class=\"column-full\">\n\t\t\t<p><input class=\"wpcf7-form-control wpcf7-submit has-spinner\" type=\"submit\" value=\"Env\u00eda\" \/>\n\t\t\t<\/p>\n\t\t<\/div>\n\t<\/div>\n<\/div><input type=\"hidden\" id=\"ct_checkjs_cf7_65ded5353c5ee48d0b7d48c591b8f430\" name=\"ct_checkjs_cf7\" value=\"0\" \/><script >setTimeout(function(){var ct_input_name = \"ct_checkjs_cf7_65ded5353c5ee48d0b7d48c591b8f430\";if (document.getElementById(ct_input_name) !== null) {var ct_input_value = document.getElementById(ct_input_name).value;document.getElementById(ct_input_name).value = document.getElementById(ct_input_name).value.replace(ct_input_value, '39cf1169db7e3851b99385d0d9556aba1dcebbd940529f4d2f793b7285e1baab');}}, 1000);<\/script><input\n                    class=\"apbct_special_field apbct_email_id__wp_contact_form_7\"\n                    name=\"apbct__email_id__wp_contact_form_7\"\n                    aria-label=\"apbct__label_id__wp_contact_form_7\"\n                    type=\"text\" size=\"30\" maxlength=\"200\" autocomplete=\"off\"\n                    value=\"\"\n                \/><div class=\"wpcf7-response-output\" aria-hidden=\"true\"><\/div>\n<\/form>\n<\/div>\n[\/vc_column_inner][\/vc_row_inner][\/vc_column][\/vc_row]<\/p>\n","protected":false},"excerpt":{"rendered":"<p>[vc_row css=\u00bb.vc_custom_1636830687644{margin-top: 30px !important;margin-bottom: 20px !important;}\u00bb][vc_column width=\u00bb1\/2&#8243;][vc_single_image image=\u00bb5991&#8243; img_size=\u00bblarge\u00bb alignment=\u00bbcenter\u00bb][\/vc_column][vc_column width=\u00bb1\/2&#8243;][vc_row_inner css=\u00bb.vc_custom_1706427525457{margin-bottom: 20px !important;}\u00bb][vc_column_inner][\/vc_column_inner][\/vc_row_inner][vc_row_inner][vc_column_inner][vc_column_text]En el centro Gabinet Psicolo\u0300gic Tena trabajamos mediante la metodologi\u0301a cognitivo conductual integradora. Se trata de un tipo de terapia que mezcla la terapia cognitiva y conductual con lo mejor de otros enfoques, como el humanista- existencial, la psicologi\u0301a evolutiva, la neurociencia<\/p>\n","protected":false},"author":4,"featured_media":0,"parent":0,"menu_order":0,"comment_status":"closed","ping_status":"closed","template":"","meta":{"footnotes":""},"class_list":["post-6387","page","type-page","status-publish","hentry"],"yoast_head":"<!-- This site is optimized with the Yoast SEO plugin v27.3 - https:\/\/yoast.com\/product\/yoast-seo-wordpress\/ -->\n<title>Nuestro m\u00e9todo terap\u00e9utico | Gabinet Psicol\u00f2gic Tena Esplugues<\/title>\n<meta name=\"description\" content=\"Descubre el m\u00e9todo integrador del Gabinet Tena en Esplugues: terapia personalizada, acompa\u00f1amiento humano y trabajo interdisciplinar.\" \/>\n<meta name=\"robots\" content=\"index, follow, max-snippet:-1, max-image-preview:large, max-video-preview:-1\" \/>\n<link rel=\"canonical\" href=\"https:\/\/www.gabinetpsicologictena.com\/es\/metodo-terapeutico-psicologico-esplugues\/\" \/>\n<meta property=\"og:locale\" content=\"es_ES\" \/>\n<meta property=\"og:type\" content=\"article\" \/>\n<meta property=\"og:title\" content=\"Nuestro m\u00e9todo terap\u00e9utico | Gabinet Psicol\u00f2gic Tena Esplugues\" \/>\n<meta property=\"og:description\" content=\"Descubre el m\u00e9todo integrador del Gabinet Tena en Esplugues: terapia personalizada, acompa\u00f1amiento humano y trabajo interdisciplinar.\" \/>\n<meta property=\"og:url\" content=\"https:\/\/www.gabinetpsicologictena.com\/es\/metodo-terapeutico-psicologico-esplugues\/\" \/>\n<meta property=\"og:site_name\" content=\"Gabinet Psicol\u00f2gic Tena\" \/>\n<meta property=\"article:modified_time\" content=\"2025-07-04T10:01:08+00:00\" \/>\n<meta name=\"twitter:card\" content=\"summary_large_image\" \/>\n<meta name=\"twitter:label1\" content=\"Tiempo de lectura\" \/>\n\t<meta name=\"twitter:data1\" content=\"5 minutos\" \/>\n<script type=\"application\/ld+json\" class=\"yoast-schema-graph\">{\"@context\":\"https:\\\/\\\/schema.org\",\"@graph\":[{\"@type\":\"WebPage\",\"@id\":\"https:\\\/\\\/www.gabinetpsicologictena.com\\\/es\\\/metodo-terapeutico-psicologico-esplugues\\\/\",\"url\":\"https:\\\/\\\/www.gabinetpsicologictena.com\\\/es\\\/metodo-terapeutico-psicologico-esplugues\\\/\",\"name\":\"Nuestro m\u00e9todo terap\u00e9utico | Gabinet Psicol\u00f2gic Tena Esplugues\",\"isPartOf\":{\"@id\":\"https:\\\/\\\/www.gabinetpsicologictena.com\\\/#website\"},\"datePublished\":\"2024-01-18T23:11:18+00:00\",\"dateModified\":\"2025-07-04T10:01:08+00:00\",\"description\":\"Descubre el m\u00e9todo integrador del Gabinet Tena en Esplugues: terapia personalizada, acompa\u00f1amiento humano y trabajo interdisciplinar.\",\"inLanguage\":\"es\",\"potentialAction\":[{\"@type\":\"ReadAction\",\"target\":[\"https:\\\/\\\/www.gabinetpsicologictena.com\\\/es\\\/metodo-terapeutico-psicologico-esplugues\\\/\"]}]},{\"@type\":\"WebSite\",\"@id\":\"https:\\\/\\\/www.gabinetpsicologictena.com\\\/#website\",\"url\":\"https:\\\/\\\/www.gabinetpsicologictena.com\\\/\",\"name\":\"Gabinet Psicol\u00f2gic Tena\",\"description\":\"Centre Psicol\u00f2gic a Esplugues de Llobregat\",\"publisher\":{\"@id\":\"https:\\\/\\\/www.gabinetpsicologictena.com\\\/#organization\"},\"potentialAction\":[{\"@type\":\"SearchAction\",\"target\":{\"@type\":\"EntryPoint\",\"urlTemplate\":\"https:\\\/\\\/www.gabinetpsicologictena.com\\\/?s={search_term_string}\"},\"query-input\":{\"@type\":\"PropertyValueSpecification\",\"valueRequired\":true,\"valueName\":\"search_term_string\"}}],\"inLanguage\":\"es\"},{\"@type\":\"Organization\",\"@id\":\"https:\\\/\\\/www.gabinetpsicologictena.com\\\/#organization\",\"name\":\"Gabinet Psicol\u00f2gic Tena\",\"url\":\"https:\\\/\\\/www.gabinetpsicologictena.com\\\/\",\"logo\":{\"@type\":\"ImageObject\",\"inLanguage\":\"es\",\"@id\":\"https:\\\/\\\/www.gabinetpsicologictena.com\\\/#\\\/schema\\\/logo\\\/image\\\/\",\"url\":\"https:\\\/\\\/www.gabinetpsicologictena.com\\\/wp-content\\\/uploads\\\/2021\\\/04\\\/logo-gabinet-psicologic-tena-no-ok-rectangular2.png\",\"contentUrl\":\"https:\\\/\\\/www.gabinetpsicologictena.com\\\/wp-content\\\/uploads\\\/2021\\\/04\\\/logo-gabinet-psicologic-tena-no-ok-rectangular2.png\",\"width\":500,\"height\":197,\"caption\":\"Gabinet Psicol\u00f2gic Tena\"},\"image\":{\"@id\":\"https:\\\/\\\/www.gabinetpsicologictena.com\\\/#\\\/schema\\\/logo\\\/image\\\/\"}}]}<\/script>\n<!-- \/ Yoast SEO plugin. -->","yoast_head_json":{"title":"Nuestro m\u00e9todo terap\u00e9utico | Gabinet Psicol\u00f2gic Tena Esplugues","description":"Descubre el m\u00e9todo integrador del Gabinet Tena en Esplugues: terapia personalizada, acompa\u00f1amiento humano y trabajo interdisciplinar.","robots":{"index":"index","follow":"follow","max-snippet":"max-snippet:-1","max-image-preview":"max-image-preview:large","max-video-preview":"max-video-preview:-1"},"canonical":"https:\/\/www.gabinetpsicologictena.com\/es\/metodo-terapeutico-psicologico-esplugues\/","og_locale":"es_ES","og_type":"article","og_title":"Nuestro m\u00e9todo terap\u00e9utico | Gabinet Psicol\u00f2gic Tena Esplugues","og_description":"Descubre el m\u00e9todo integrador del Gabinet Tena en Esplugues: terapia personalizada, acompa\u00f1amiento humano y trabajo interdisciplinar.","og_url":"https:\/\/www.gabinetpsicologictena.com\/es\/metodo-terapeutico-psicologico-esplugues\/","og_site_name":"Gabinet Psicol\u00f2gic Tena","article_modified_time":"2025-07-04T10:01:08+00:00","twitter_card":"summary_large_image","twitter_misc":{"Tiempo de lectura":"5 minutos"},"schema":{"@context":"https:\/\/schema.org","@graph":[{"@type":"WebPage","@id":"https:\/\/www.gabinetpsicologictena.com\/es\/metodo-terapeutico-psicologico-esplugues\/","url":"https:\/\/www.gabinetpsicologictena.com\/es\/metodo-terapeutico-psicologico-esplugues\/","name":"Nuestro m\u00e9todo terap\u00e9utico | Gabinet Psicol\u00f2gic Tena Esplugues","isPartOf":{"@id":"https:\/\/www.gabinetpsicologictena.com\/#website"},"datePublished":"2024-01-18T23:11:18+00:00","dateModified":"2025-07-04T10:01:08+00:00","description":"Descubre el m\u00e9todo integrador del Gabinet Tena en Esplugues: terapia personalizada, acompa\u00f1amiento humano y trabajo interdisciplinar.","inLanguage":"es","potentialAction":[{"@type":"ReadAction","target":["https:\/\/www.gabinetpsicologictena.com\/es\/metodo-terapeutico-psicologico-esplugues\/"]}]},{"@type":"WebSite","@id":"https:\/\/www.gabinetpsicologictena.com\/#website","url":"https:\/\/www.gabinetpsicologictena.com\/","name":"Gabinet Psicol\u00f2gic Tena","description":"Centre Psicol\u00f2gic a Esplugues de Llobregat","publisher":{"@id":"https:\/\/www.gabinetpsicologictena.com\/#organization"},"potentialAction":[{"@type":"SearchAction","target":{"@type":"EntryPoint","urlTemplate":"https:\/\/www.gabinetpsicologictena.com\/?s={search_term_string}"},"query-input":{"@type":"PropertyValueSpecification","valueRequired":true,"valueName":"search_term_string"}}],"inLanguage":"es"},{"@type":"Organization","@id":"https:\/\/www.gabinetpsicologictena.com\/#organization","name":"Gabinet Psicol\u00f2gic Tena","url":"https:\/\/www.gabinetpsicologictena.com\/","logo":{"@type":"ImageObject","inLanguage":"es","@id":"https:\/\/www.gabinetpsicologictena.com\/#\/schema\/logo\/image\/","url":"https:\/\/www.gabinetpsicologictena.com\/wp-content\/uploads\/2021\/04\/logo-gabinet-psicologic-tena-no-ok-rectangular2.png","contentUrl":"https:\/\/www.gabinetpsicologictena.com\/wp-content\/uploads\/2021\/04\/logo-gabinet-psicologic-tena-no-ok-rectangular2.png","width":500,"height":197,"caption":"Gabinet Psicol\u00f2gic Tena"},"image":{"@id":"https:\/\/www.gabinetpsicologictena.com\/#\/schema\/logo\/image\/"}}]}},"_links":{"self":[{"href":"https:\/\/www.gabinetpsicologictena.com\/es\/wp-json\/wp\/v2\/pages\/6387","targetHints":{"allow":["GET"]}}],"collection":[{"href":"https:\/\/www.gabinetpsicologictena.com\/es\/wp-json\/wp\/v2\/pages"}],"about":[{"href":"https:\/\/www.gabinetpsicologictena.com\/es\/wp-json\/wp\/v2\/types\/page"}],"author":[{"embeddable":true,"href":"https:\/\/www.gabinetpsicologictena.com\/es\/wp-json\/wp\/v2\/users\/4"}],"replies":[{"embeddable":true,"href":"https:\/\/www.gabinetpsicologictena.com\/es\/wp-json\/wp\/v2\/comments?post=6387"}],"version-history":[{"count":12,"href":"https:\/\/www.gabinetpsicologictena.com\/es\/wp-json\/wp\/v2\/pages\/6387\/revisions"}],"predecessor-version":[{"id":12014,"href":"https:\/\/www.gabinetpsicologictena.com\/es\/wp-json\/wp\/v2\/pages\/6387\/revisions\/12014"}],"wp:attachment":[{"href":"https:\/\/www.gabinetpsicologictena.com\/es\/wp-json\/wp\/v2\/media?parent=6387"}],"curies":[{"name":"wp","href":"https:\/\/api.w.org\/{rel}","templated":true}]}}