{"id":5033,"date":"2021-02-07T14:15:43","date_gmt":"2021-02-07T14:15:43","guid":{"rendered":"http:\/\/tena.flybcndesign.com\/faqs\/"},"modified":"2025-07-04T10:03:19","modified_gmt":"2025-07-04T10:03:19","slug":"preguntas-frecuentes-psicologos-esplugues","status":"publish","type":"page","link":"https:\/\/www.gabinetpsicologictena.com\/es\/preguntas-frecuentes-psicologos-esplugues\/","title":{"rendered":"FAQs"},"content":{"rendered":"<p>[vc_row css=\u00bb.vc_custom_1621093076741{margin-bottom: 50px !important;}\u00bb][vc_column][vc_column_text css=\u00bb.vc_custom_1749204417203{margin-bottom: 40px !important;}\u00bb]<\/p>\n<h2>Respuestas claras para dar el primer paso hacia tu bienestar<\/h2>\n<p>[\/vc_column_text][vc_accordion active_tab=\u00bbfalse\u00bb][vc_accordion_tab title=\u00bb\u00bfQu\u00e9 hace un psic\u00f3logo?\u00bb tab_id=\u00bbpregunta1&#8243;][vc_column_text]<span style=\"font-weight: 400;\">Es un profesional que escucha, acompa\u00f1a y orienta a la persona en el enfrentamiento de su problema o malestar psicol\u00f3gico, o tambi\u00e9n cuando \u00e9sta quiere mejorar en alg\u00fan aspecto de su personalidad o car\u00e1cter. El psic\u00f3logo ofrece herramientas y trabaja en colaboraci\u00f3n con el paciente en el descubrimiento de sus propios recursos.<\/span>[\/vc_column_text][\/vc_accordion_tab][vc_accordion_tab title=\u00bb\u00bfNecesito ayuda psicol\u00f3gica?\u00bb tab_id=\u00bbpregunta2&#8243;][vc_column_text]<span style=\"font-weight: 400;\">El objetivo de la ayuda psicol\u00f3gica es tu bienestar. Si tienes un peque\u00f1o malestar o un problema m\u00e1s grande, son dificultades que si no se tratan, se agravan. Si te sientes triste, cansado, deca\u00eddo, no sabes qu\u00e9 te pasa, tienes problemas de ansiedad o angustia, insomnio, trastornos de la conducta alimentar\u00eda (anorexia, bulimia), adicciones, conflictos con la pareja u otras patolog\u00edas cl\u00ednicas, el psic\u00f3logo te puede ayudar. Ir al psic\u00f3logo es una inversi\u00f3n en salud.<\/span>[\/vc_column_text][\/vc_accordion_tab][vc_accordion_tab title=\u00bb\u00bfCu\u00e1l es la diferencia entre psiquiatra y psic\u00f3logo? \u00bfLos psic\u00f3logos medican?\u00bb tab_id=\u00bbpregunta3&#8243;][vc_column_text]<span style=\"font-weight: 400;\">La diferencia entre psic\u00f3logo y psiquiatra es su formaci\u00f3n. El psiquiatra es un m\u00e9dico especializado en enfermedades mentales y prescribe el tratamiento farmacol\u00f3gico. El psic\u00f3logo es un experto en el conocimiento de la conducta humana, pensamientos, emociones y conducta. En respuesta a cualquier problema mental es imprescindible la intervenci\u00f3n de un psic\u00f3logo.<\/span>[\/vc_column_text][\/vc_accordion_tab][vc_accordion_tab title=\u00bb\u00bfPsiquiatra o psic\u00f3logo, a quien consulto?\u00bb tab_id=\u00bbpregunta4&#8243;][vc_column_text]Desde el Gabinete Psicol\u00f3gico Tena, integrado por un equipo humano de psic\u00f3logos y psiquiatras, te ofrecemos la mejor respuesta. Cada persona requiere un trato individualizado, saber el tipo de ayuda que necesitas solo lo podemos hacer hablando contigo. Realizamos una primera sesi\u00f3n donde te escuchamos y, despu\u00e9s de una evaluaci\u00f3n inicial en que obtenemos un diagn\u00f3stico psicol\u00f3gico, te derivamos al profesional m\u00e1s adecuado, psic\u00f3logo o psiquiatra.<\/p>\n<p>Contacta con nosotros. \u00bfHablamos?[\/vc_column_text][\/vc_accordion_tab][vc_accordion_tab title=\u00bb\u00bfCu\u00e1ndo tengo que ir al psic\u00f3logo?\u00bb tab_id=\u00bbpregunta5&#8243;][vc_column_text]<span style=\"font-weight: 400;\">Cuando no te sientes con fuerzas para salir adelante, no sabes qu\u00e9 te pasa, tienes problemas que te superan, o sufres trastornos como la ansiedad, de estado de \u00e1nimo, insomnio, adicciones, problemas de conducta, de relaciones sociales, de alimentaci\u00f3n, o derivados de una enfermedad grave, o quieres mejorar relaci\u00f3n de pareja o tu vida, ir al psic\u00f3logo te ayudar\u00e1. Conoce nuestras terapias.<\/span>[\/vc_column_text][\/vc_accordion_tab][vc_accordion_tab title=\u00bb\u00bfQu\u00e9 es un trastorno mental?\u00bb][vc_column_text]<span style=\"font-weight: 400;\">Un trastorno mental es un problema mental que nos provoca problemas fisiol\u00f3gicos, preocupaciones y nos incapacita para llevar una vida normal. As\u00ed que si tienes malestar f\u00edsico, emocional, distorsiones de pensamiento y de conducta, significa que has perdido calidad de vida. Y, por lo tanto, es cuando tu problema requiere tratamiento de los profesionales de la salud mental: psic\u00f3logo, psiquiatra, o ambos.<\/span>[\/vc_column_text][\/vc_accordion_tab][vc_accordion_tab title=\u00bb\u00bfNecesito medicaci\u00f3n con la terapia psicol\u00f3gica?\u00bb tab_id=\u00bbpregunta7&#8243;][vc_column_text]<span style=\"font-weight: 400;\">No siempre es necesario tomar medicaci\u00f3n. Despu\u00e9s de valorar el problema del paciente, el equipo profesional del Gabinete Psicol\u00f3gico Tena decidir\u00e1 cu\u00e1l es el mejor enfoque y terapia, con o sin medicaci\u00f3n para solucionar tu problema.<\/span>[\/vc_column_text][\/vc_accordion_tab][\/vc_accordion][\/vc_column][\/vc_row][vc_row css=\u00bb.vc_custom_1650136889903{margin-bottom: 60px !important;}\u00bb][vc_column][vc_column_text css=\u00bb.vc_custom_1660205501450{margin-bottom: 40px !important;}\u00bb]<\/p>\n<h2>\u00bfPrimera consulta? Qu\u00e9 tienes que saber<\/h2>\n<p>[\/vc_column_text][vc_accordion active_tab=\u00bbfalse\u00bb][vc_accordion_tab title=\u00bb\u00bfCu\u00e1nto dura una sesi\u00f3n con el psic\u00f3logo?\u00bb tab_id=\u00bbpregunta1&#8243;][vc_column_text]<span style=\"font-weight: 400;\">La primera sesi\u00f3n es de evaluaci\u00f3n y dura una hora (1h). El resto de sesiones de tratamiento son de cuarenta y cinco minutos (45 min). Una vez evaluado el problema y las necesidades, se pacta con el paciente la frecuencia de visitas, una vez por semana, cada quince d\u00edas o cada mes, en funci\u00f3n de necesidades y posibilidades.<\/span>[\/vc_column_text][\/vc_accordion_tab][vc_accordion_tab title=\u00bb\u00bfCu\u00e1nto dura una terapia psicol\u00f3gica?\u00bb tab_id=\u00bbpregunta2&#8243;][vc_column_text]<span style=\"font-weight: 400;\">La terapia se enfoca en ofrecer tratamientos adecuados y pr\u00e1cticos para cada persona desde el primer momento. La duraci\u00f3n de la terapia es variable, y se pacta entre el terapeuta y el paciente, que se establece en relaci\u00f3n a las necesidades de cada paciente y en funci\u00f3n de su evoluci\u00f3n.<\/span>[\/vc_column_text][\/vc_accordion_tab][vc_accordion_tab title=\u00bb\u00bfQu\u00e9 cuesta una sesi\u00f3n de terapia?\u00bb tab_id=\u00bbpregunta3&#8243;][vc_column_text]<span style=\"font-weight: 400;\">Una terapia es una inversi\u00f3n en tu salud. Nuestros precios son adecuados al nivel de la calidad de nuestros profesionales. Tiene el mismo coste una sesi\u00f3n de terapia presencial que en l\u00ednea. Contacta con nosotros y te informaremos.<\/span>[\/vc_column_text][\/vc_accordion_tab][vc_accordion_tab title=\u00bb\u00bfC\u00f3mo funciona una sesi\u00f3n con el psic\u00f3logo?\u00bb tab_id=\u00bbpregunta4&#8243;][vc_column_text]<span style=\"font-weight: 400;\">En la primera sesi\u00f3n, el psic\u00f3logo se dedica a hacer la evaluaci\u00f3n del caso. El paciente tiene una entrevista con el psic\u00f3logo donde este la escucha y pregunta para mirar de recoger toda aquella informaci\u00f3n que le permitir\u00e1 hacer el mejor diagn\u00f3stico y tratamiento m\u00e1s adecuado. A partir de aqu\u00ed, se hace una estimaci\u00f3n de la duraci\u00f3n aproximada del tratamiento y se pacta con el paciente la programaci\u00f3n de las visitas. Si la evoluci\u00f3n del paciente es positiva, espaciamos las sesiones y se finaliza el tratamiento acompa\u00f1ando el paciente con sesiones de seguimiento. Al final del tratamiento, se da el alta y se entrega el informe de devoluci\u00f3n.<\/span>[\/vc_column_text][\/vc_accordion_tab][vc_accordion_tab title=\u00bb\u00bfQu\u00e9 terapias se aplican al Gabinete Psicol\u00f3gico Tena?\u00bb tab_id=\u00bbpregunta5&#8243;][vc_column_text]<span style=\"font-weight: 400;\">El Gabinete Psicol\u00f3gico Tena trabaja con una visi\u00f3n terap\u00e9utica integradora, combinando t\u00e9cnicas del enfoque cognitivo y conductual. Es una orientaci\u00f3n que ha demostrado su validez y eficacia para tratar la mayor\u00eda de problemas psicol\u00f3gicos reduciendo o eliminando muchos sufrimientos y problem\u00e1ticas. Estas t\u00e9cnicas se adaptan y aplican a personas de todas las edades: ni\u00f1os, adolescentes, j\u00f3venes y adultos, individualmente, en familia o en pareja.<\/span>[\/vc_column_text][\/vc_accordion_tab][vc_accordion_tab title=\u00bb\u00bfLo que explique a la terapia es confidencial?\u00bb][vc_column_text]<span style=\"font-weight: 400;\">S\u00ed, todo lo que se explica en una sesi\u00f3n de terapia psicol\u00f3gica queda entre el terapeuta y el paciente. En la primera sesi\u00f3n, el terapeuta informa al paciente de los l\u00edmites de la confidencialidad. La confianza, la empat\u00eda y el respeto son valores b\u00e1sicos que gu\u00edan nuestra \u00e9tica profesional.<\/span>[\/vc_column_text][\/vc_accordion_tab][\/vc_accordion][\/vc_column][\/vc_row]<\/p>\n","protected":false},"excerpt":{"rendered":"<p>[vc_row css=\u00bb.vc_custom_1621093076741{margin-bottom: 50px !important;}\u00bb][vc_column][vc_column_text css=\u00bb.vc_custom_1749204417203{margin-bottom: 40px !important;}\u00bb] Respuestas claras para dar el primer paso hacia tu bienestar [\/vc_column_text][vc_accordion active_tab=\u00bbfalse\u00bb][vc_accordion_tab title=\u00bb\u00bfQu\u00e9 hace un psic\u00f3logo?\u00bb tab_id=\u00bbpregunta1&#8243;][vc_column_text]Es un profesional que escucha, acompa\u00f1a y orienta a la persona en el enfrentamiento de su problema o malestar psicol\u00f3gico, o tambi\u00e9n cuando \u00e9sta quiere mejorar en alg\u00fan aspecto de su personalidad<\/p>\n","protected":false},"author":4,"featured_media":0,"parent":0,"menu_order":0,"comment_status":"closed","ping_status":"closed","template":"","meta":{"footnotes":""},"class_list":["post-5033","page","type-page","status-publish","hentry"],"yoast_head":"<!-- This site is optimized with the Yoast SEO plugin v27.3 - https:\/\/yoast.com\/product\/yoast-seo-wordpress\/ -->\n<title>Preguntas frecuentes | Gabinet Psicol\u00f2gic Tena Esplugues<\/title>\n<meta name=\"description\" content=\"Resolvemos tus dudas sobre duraci\u00f3n, confidencialidad o tipo de terapia. Consulta las FAQs y conoce c\u00f3mo trabaja Gabinet Tena Esplugues.\" \/>\n<meta name=\"robots\" content=\"index, follow, max-snippet:-1, max-image-preview:large, max-video-preview:-1\" \/>\n<link rel=\"canonical\" href=\"https:\/\/www.gabinetpsicologictena.com\/es\/preguntas-frecuentes-psicologos-esplugues\/\" \/>\n<meta property=\"og:locale\" content=\"es_ES\" \/>\n<meta property=\"og:type\" content=\"article\" \/>\n<meta property=\"og:title\" content=\"Preguntas frecuentes | Gabinet Psicol\u00f2gic Tena Esplugues\" \/>\n<meta property=\"og:description\" content=\"Resolvemos tus dudas sobre duraci\u00f3n, confidencialidad o tipo de terapia. Consulta las FAQs y conoce c\u00f3mo trabaja Gabinet Tena Esplugues.\" \/>\n<meta property=\"og:url\" content=\"https:\/\/www.gabinetpsicologictena.com\/es\/preguntas-frecuentes-psicologos-esplugues\/\" \/>\n<meta property=\"og:site_name\" content=\"Gabinet Psicol\u00f2gic Tena\" \/>\n<meta property=\"article:modified_time\" content=\"2025-07-04T10:03:19+00:00\" \/>\n<meta name=\"twitter:card\" content=\"summary_large_image\" \/>\n<meta name=\"twitter:label1\" content=\"Tiempo de lectura\" \/>\n\t<meta name=\"twitter:data1\" content=\"5 minutos\" \/>\n<script type=\"application\/ld+json\" class=\"yoast-schema-graph\">{\"@context\":\"https:\\\/\\\/schema.org\",\"@graph\":[{\"@type\":\"WebPage\",\"@id\":\"https:\\\/\\\/www.gabinetpsicologictena.com\\\/es\\\/preguntas-frecuentes-psicologos-esplugues\\\/\",\"url\":\"https:\\\/\\\/www.gabinetpsicologictena.com\\\/es\\\/preguntas-frecuentes-psicologos-esplugues\\\/\",\"name\":\"Preguntas frecuentes | Gabinet Psicol\u00f2gic Tena Esplugues\",\"isPartOf\":{\"@id\":\"https:\\\/\\\/www.gabinetpsicologictena.com\\\/#website\"},\"datePublished\":\"2021-02-07T14:15:43+00:00\",\"dateModified\":\"2025-07-04T10:03:19+00:00\",\"description\":\"Resolvemos tus dudas sobre duraci\u00f3n, confidencialidad o tipo de terapia. Consulta las FAQs y conoce c\u00f3mo trabaja Gabinet Tena Esplugues.\",\"inLanguage\":\"es\",\"potentialAction\":[{\"@type\":\"ReadAction\",\"target\":[\"https:\\\/\\\/www.gabinetpsicologictena.com\\\/es\\\/preguntas-frecuentes-psicologos-esplugues\\\/\"]}]},{\"@type\":\"WebSite\",\"@id\":\"https:\\\/\\\/www.gabinetpsicologictena.com\\\/#website\",\"url\":\"https:\\\/\\\/www.gabinetpsicologictena.com\\\/\",\"name\":\"Gabinet Psicol\u00f2gic Tena\",\"description\":\"Centre Psicol\u00f2gic a Esplugues de Llobregat\",\"publisher\":{\"@id\":\"https:\\\/\\\/www.gabinetpsicologictena.com\\\/#organization\"},\"potentialAction\":[{\"@type\":\"SearchAction\",\"target\":{\"@type\":\"EntryPoint\",\"urlTemplate\":\"https:\\\/\\\/www.gabinetpsicologictena.com\\\/?s={search_term_string}\"},\"query-input\":{\"@type\":\"PropertyValueSpecification\",\"valueRequired\":true,\"valueName\":\"search_term_string\"}}],\"inLanguage\":\"es\"},{\"@type\":\"Organization\",\"@id\":\"https:\\\/\\\/www.gabinetpsicologictena.com\\\/#organization\",\"name\":\"Gabinet Psicol\u00f2gic Tena\",\"url\":\"https:\\\/\\\/www.gabinetpsicologictena.com\\\/\",\"logo\":{\"@type\":\"ImageObject\",\"inLanguage\":\"es\",\"@id\":\"https:\\\/\\\/www.gabinetpsicologictena.com\\\/#\\\/schema\\\/logo\\\/image\\\/\",\"url\":\"https:\\\/\\\/www.gabinetpsicologictena.com\\\/wp-content\\\/uploads\\\/2021\\\/04\\\/logo-gabinet-psicologic-tena-no-ok-rectangular2.png\",\"contentUrl\":\"https:\\\/\\\/www.gabinetpsicologictena.com\\\/wp-content\\\/uploads\\\/2021\\\/04\\\/logo-gabinet-psicologic-tena-no-ok-rectangular2.png\",\"width\":500,\"height\":197,\"caption\":\"Gabinet Psicol\u00f2gic Tena\"},\"image\":{\"@id\":\"https:\\\/\\\/www.gabinetpsicologictena.com\\\/#\\\/schema\\\/logo\\\/image\\\/\"}}]}<\/script>\n<!-- \/ Yoast SEO plugin. -->","yoast_head_json":{"title":"Preguntas frecuentes | Gabinet Psicol\u00f2gic Tena Esplugues","description":"Resolvemos tus dudas sobre duraci\u00f3n, confidencialidad o tipo de terapia. Consulta las FAQs y conoce c\u00f3mo trabaja Gabinet Tena Esplugues.","robots":{"index":"index","follow":"follow","max-snippet":"max-snippet:-1","max-image-preview":"max-image-preview:large","max-video-preview":"max-video-preview:-1"},"canonical":"https:\/\/www.gabinetpsicologictena.com\/es\/preguntas-frecuentes-psicologos-esplugues\/","og_locale":"es_ES","og_type":"article","og_title":"Preguntas frecuentes | Gabinet Psicol\u00f2gic Tena Esplugues","og_description":"Resolvemos tus dudas sobre duraci\u00f3n, confidencialidad o tipo de terapia. Consulta las FAQs y conoce c\u00f3mo trabaja Gabinet Tena Esplugues.","og_url":"https:\/\/www.gabinetpsicologictena.com\/es\/preguntas-frecuentes-psicologos-esplugues\/","og_site_name":"Gabinet Psicol\u00f2gic Tena","article_modified_time":"2025-07-04T10:03:19+00:00","twitter_card":"summary_large_image","twitter_misc":{"Tiempo de lectura":"5 minutos"},"schema":{"@context":"https:\/\/schema.org","@graph":[{"@type":"WebPage","@id":"https:\/\/www.gabinetpsicologictena.com\/es\/preguntas-frecuentes-psicologos-esplugues\/","url":"https:\/\/www.gabinetpsicologictena.com\/es\/preguntas-frecuentes-psicologos-esplugues\/","name":"Preguntas frecuentes | Gabinet Psicol\u00f2gic Tena Esplugues","isPartOf":{"@id":"https:\/\/www.gabinetpsicologictena.com\/#website"},"datePublished":"2021-02-07T14:15:43+00:00","dateModified":"2025-07-04T10:03:19+00:00","description":"Resolvemos tus dudas sobre duraci\u00f3n, confidencialidad o tipo de terapia. Consulta las FAQs y conoce c\u00f3mo trabaja Gabinet Tena Esplugues.","inLanguage":"es","potentialAction":[{"@type":"ReadAction","target":["https:\/\/www.gabinetpsicologictena.com\/es\/preguntas-frecuentes-psicologos-esplugues\/"]}]},{"@type":"WebSite","@id":"https:\/\/www.gabinetpsicologictena.com\/#website","url":"https:\/\/www.gabinetpsicologictena.com\/","name":"Gabinet Psicol\u00f2gic Tena","description":"Centre Psicol\u00f2gic a Esplugues de Llobregat","publisher":{"@id":"https:\/\/www.gabinetpsicologictena.com\/#organization"},"potentialAction":[{"@type":"SearchAction","target":{"@type":"EntryPoint","urlTemplate":"https:\/\/www.gabinetpsicologictena.com\/?s={search_term_string}"},"query-input":{"@type":"PropertyValueSpecification","valueRequired":true,"valueName":"search_term_string"}}],"inLanguage":"es"},{"@type":"Organization","@id":"https:\/\/www.gabinetpsicologictena.com\/#organization","name":"Gabinet Psicol\u00f2gic Tena","url":"https:\/\/www.gabinetpsicologictena.com\/","logo":{"@type":"ImageObject","inLanguage":"es","@id":"https:\/\/www.gabinetpsicologictena.com\/#\/schema\/logo\/image\/","url":"https:\/\/www.gabinetpsicologictena.com\/wp-content\/uploads\/2021\/04\/logo-gabinet-psicologic-tena-no-ok-rectangular2.png","contentUrl":"https:\/\/www.gabinetpsicologictena.com\/wp-content\/uploads\/2021\/04\/logo-gabinet-psicologic-tena-no-ok-rectangular2.png","width":500,"height":197,"caption":"Gabinet Psicol\u00f2gic Tena"},"image":{"@id":"https:\/\/www.gabinetpsicologictena.com\/#\/schema\/logo\/image\/"}}]}},"_links":{"self":[{"href":"https:\/\/www.gabinetpsicologictena.com\/es\/wp-json\/wp\/v2\/pages\/5033","targetHints":{"allow":["GET"]}}],"collection":[{"href":"https:\/\/www.gabinetpsicologictena.com\/es\/wp-json\/wp\/v2\/pages"}],"about":[{"href":"https:\/\/www.gabinetpsicologictena.com\/es\/wp-json\/wp\/v2\/types\/page"}],"author":[{"embeddable":true,"href":"https:\/\/www.gabinetpsicologictena.com\/es\/wp-json\/wp\/v2\/users\/4"}],"replies":[{"embeddable":true,"href":"https:\/\/www.gabinetpsicologictena.com\/es\/wp-json\/wp\/v2\/comments?post=5033"}],"version-history":[{"count":14,"href":"https:\/\/www.gabinetpsicologictena.com\/es\/wp-json\/wp\/v2\/pages\/5033\/revisions"}],"predecessor-version":[{"id":12015,"href":"https:\/\/www.gabinetpsicologictena.com\/es\/wp-json\/wp\/v2\/pages\/5033\/revisions\/12015"}],"wp:attachment":[{"href":"https:\/\/www.gabinetpsicologictena.com\/es\/wp-json\/wp\/v2\/media?parent=5033"}],"curies":[{"name":"wp","href":"https:\/\/api.w.org\/{rel}","templated":true}]}}